{"id":1465,"date":"2025-02-05T12:42:20","date_gmt":"2025-02-05T11:42:20","guid":{"rendered":"https:\/\/exibartarchive.com\/?page_id=1465"},"modified":"2025-11-14T13:08:12","modified_gmt":"2025-11-14T12:08:12","slug":"publica-tu-catalogo","status":"publish","type":"page","link":"https:\/\/exibartarchive.com\/es\/publica-tu-catalogo\/","title":{"rendered":"Publica tu cat\u00e1logo"},"content":{"rendered":"<div class=\"container\" data-aos=\"fade-up\">\n<div class=\"row my-5 pb-5\">\n<div class=\"col-md-8\">\n<h1 class=\"large-text\" style=\"margin-bottom: 30px;\">Publica tu cat\u00e1logo en formato digital<\/h1>\n<div style=\"font-size: 20px; font-weight: 600;\">Publicar tu cat\u00e1logo aqu\u00ed significa hacerlo durar para siempre, optimizar su indexaci\u00f3n en la web y permitir a todos un f\u00e1cil acceso. Si ya tienes un cat\u00e1logo en formato PDF y deseas archivarlo en nuestra plataforma, puedes elegir entre los siguientes servicios.<\/div>\n<div class=\"small-text padding-right-set\" style=\"font-size: 20px; font-weight: 600; line-height: 25px;\">\n                <a class=\"link-arrow\" href=\"\/es\/vantaggi\/\"><br \/>\n                    Descubre los beneficios de estar aqu\u00ed \u2192<br \/>\n                <\/a>\n            <\/div>\n<div class=\"small-text padding-right-set\" style=\"font-size: 20px; font-weight: 600; line-height: 25px;\">\n                <a class=\"link-arrow\" href=\"\/es\/progetti\/\"><br \/>\n                    Descubre nuestro proyecto \u2192<br \/>\n                <\/a>\n            <\/div>\n<div class=\"small-text padding-right-set\" style=\"font-size: 20px; font-weight: 600; line-height: 25px;\">\n                <a class=\"link-arrow\" href=\"\/es\/edizioni\/\"><br \/>\n                    Ver los cat\u00e1logos \u2192<br \/>\n                <\/a>\n            <\/div>\n<\/p><\/div>\n<div class=\"col-md-4\"><\/div>\n<\/p><\/div>\n<div class=\"row my-4\">\n<div class=\"col-md-4 col-with-border\">\n<h3 class=\"medium-title-text2\">Publicaci\u00f3n, archivado e indexaci\u00f3n de contenidos*<\/h3>\n<h6 class=\"subtitle-text\">Despu\u00e9s de la compra, se le contactar\u00e1 para realizar el servicio<\/h6>\n<h3 class=\"medium-title-text2\">\u20ac195,20<\/h3>\n<div class=\"very-small-text\">(pago \u00fanico)<\/div>\n<p>            <button class=\"add_to_cart_button btn btn-primary mt-3\" type=\"submit\" data-product_id=\"639\">A\u00f1adir al carrito<\/button><\/p>\n<div class=\"d-flex align-items-center mt-3\"><i class=\"fas fa-info-circle text-info\"><\/i><br \/>\n                <a href=\"\/es\/contatti\/\"><span style=\"font-size: 12px;\">Solicitar informaci\u00f3n sobre el servicio<\/span><\/a>\n            <\/div>\n<h6 class=\"subtitle-text mt-4\">* Este servicio es obligatorio para poder acceder a los servicios opcionales ISBN o QR Code<\/h6>\n<\/p><\/div>\n<div class=\"col-md-4 col-with-border\">\n<h3 class=\"medium-title-text2\">ISBN exibart ediciones*<\/h3>\n<h6 class=\"subtitle-text\">Si quieres que tu cat\u00e1logo sea publicado por exibart ediciones con un c\u00f3digo ISBN internacional, elige el servicio a continuaci\u00f3n. Si no tienes una editorial y no deseas este servicio, tu cat\u00e1logo se publicar\u00e1 como \u201ceditor independiente\u201d.<\/h6>\n<h6 class=\"subtitle-text\">Despu\u00e9s de la compra, se le contactar\u00e1 para realizar el servicio<\/h6>\n<h3 class=\"medium-title-text2\">\u20ac97,60<\/h3>\n<div class=\"very-small-text\">(pago \u00fanico)<\/div>\n<p>            <button class=\"add_to_cart_button btn btn-primary mt-3\" type=\"submit\" data-product_id=\"651\">A\u00f1adir al carrito<\/button><\/p>\n<div class=\"d-flex align-items-center mt-3\"><i class=\"fas fa-info-circle text-info\"><\/i><br \/>\n                <a href=\"\/es\/contatti\/\"><span style=\"font-size: 12px;\">Solicitar informaci\u00f3n sobre el servicio<\/span><\/a>\n            <\/div>\n<h6 class=\"subtitle-text mt-4\">* Este producto solo se puede adquirir si ya se ha comprado el servicio \u00abPublicaci\u00f3n, archivado e indexaci\u00f3n de contenidos\u00bb<\/h6>\n<\/p><\/div>\n<div class=\"col-md-4\">\n<h3 class=\"medium-title-text2\">C\u00f3digo QR*<\/h3>\n<h6 class=\"subtitle-text\">Podemos crear un c\u00f3digo QR vinculado a tu cat\u00e1logo. El c\u00f3digo QR se podr\u00e1 descargar desde la p\u00e1gina dedicada al cat\u00e1logo e imprimir. Podr\u00e1s usarlo aplic\u00e1ndolo a las obras incluidas en el cat\u00e1logo o en las leyendas de las exposiciones. El c\u00f3digo QR dirigir\u00e1 a quien lo use al cat\u00e1logo correspondiente.<\/h6>\n<h6 class=\"subtitle-text\">Despu\u00e9s de la compra, se le contactar\u00e1 para realizar el servicio<\/h6>\n<h3 class=\"medium-title-text2\">\u20ac48,80<\/h3>\n<div class=\"very-small-text\">(pago \u00fanico)<\/div>\n<p>            <button class=\"add_to_cart_button btn btn-primary mt-3\" type=\"submit\" data-product_id=\"653\">A\u00f1adir al carrito<\/button><\/p>\n<div class=\"d-flex align-items-center mt-3\"><i class=\"fas fa-info-circle text-info\"><\/i><br \/>\n                <a href=\"\/es\/contatti\/\"><span style=\"font-size: 12px;\">Solicitar informaci\u00f3n sobre el servicio<\/span><\/a>\n            <\/div>\n<h6 class=\"subtitle-text mt-4\">* Este producto solo se puede adquirir si ya se ha comprado el servicio \u00abPublicaci\u00f3n, archivado e indexaci\u00f3n de contenidos\u00bb<\/h6>\n<\/p><\/div>\n<\/p><\/div>\n<div class=\"row mt-4\">\n<div class=\"col-md-12\"><\/div>\n<\/p><\/div>\n<\/div>\n<div class=\"spacer\"><\/div>\n","protected":false},"excerpt":{"rendered":"<p>Publica tu cat\u00e1logo en formato digital Publicar tu cat\u00e1logo aqu\u00ed significa hacerlo durar para siempre, optimizar su indexaci\u00f3n en la web y permitir a todos un f\u00e1cil acceso. Si ya tienes un cat\u00e1logo en formato PDF y deseas archivarlo en nuestra plataforma, puedes elegir entre los siguientes servicios. Descubre los beneficios de estar aqu\u00ed \u2192 [&hellip;]<\/p>\n","protected":false},"author":1,"featured_media":0,"parent":0,"menu_order":0,"comment_status":"closed","ping_status":"closed","template":"page-templates\/page-sidebar-none.php","meta":{"footnotes":""},"class_list":["post-1465","page","type-page","status-publish","hentry"],"yoast_head":"<!-- This site is optimized with the Yoast SEO plugin v26.0 - https:\/\/yoast.com\/wordpress\/plugins\/seo\/ -->\n<title>Publica tu cat\u00e1logo - exibart archive<\/title>\n<meta name=\"robots\" content=\"index, follow, max-snippet:-1, max-image-preview:large, max-video-preview:-1\" \/>\n<link rel=\"canonical\" href=\"https:\/\/exibartarchive.com\/es\/publica-tu-catalogo\/\" \/>\n<meta property=\"og:locale\" content=\"es_ES\" \/>\n<meta property=\"og:type\" content=\"article\" \/>\n<meta property=\"og:title\" content=\"Publica tu cat\u00e1logo - exibart archive\" \/>\n<meta property=\"og:description\" content=\"Publica tu cat\u00e1logo en formato digital Publicar tu cat\u00e1logo aqu\u00ed significa hacerlo durar para siempre, optimizar su indexaci\u00f3n en la web y permitir a todos un f\u00e1cil acceso. Si ya tienes un cat\u00e1logo en formato PDF y deseas archivarlo en nuestra plataforma, puedes elegir entre los siguientes servicios. Descubre los beneficios de estar aqu\u00ed \u2192 [&hellip;]\" \/>\n<meta property=\"og:url\" content=\"https:\/\/exibartarchive.com\/es\/publica-tu-catalogo\/\" \/>\n<meta property=\"og:site_name\" content=\"exibart archive\" \/>\n<meta property=\"article:modified_time\" content=\"2025-11-14T12:08:12+00:00\" \/>\n<meta name=\"twitter:card\" content=\"summary_large_image\" \/>\n<script type=\"application\/ld+json\" class=\"yoast-schema-graph\">{\"@context\":\"https:\/\/schema.org\",\"@graph\":[{\"@type\":\"WebPage\",\"@id\":\"https:\/\/exibartarchive.com\/es\/publica-tu-catalogo\/\",\"url\":\"https:\/\/exibartarchive.com\/es\/publica-tu-catalogo\/\",\"name\":\"Publica tu cat\u00e1logo - exibart archive\",\"isPartOf\":{\"@id\":\"https:\/\/exibartarchive.com\/#website\"},\"datePublished\":\"2025-02-05T11:42:20+00:00\",\"dateModified\":\"2025-11-14T12:08:12+00:00\",\"breadcrumb\":{\"@id\":\"https:\/\/exibartarchive.com\/es\/publica-tu-catalogo\/#breadcrumb\"},\"inLanguage\":\"es\",\"potentialAction\":[{\"@type\":\"ReadAction\",\"target\":[\"https:\/\/exibartarchive.com\/es\/publica-tu-catalogo\/\"]}]},{\"@type\":\"BreadcrumbList\",\"@id\":\"https:\/\/exibartarchive.com\/es\/publica-tu-catalogo\/#breadcrumb\",\"itemListElement\":[{\"@type\":\"ListItem\",\"position\":1,\"name\":\"Home\",\"item\":\"https:\/\/exibartarchive.com\/\"},{\"@type\":\"ListItem\",\"position\":2,\"name\":\"Publica tu cat\u00e1logo\"}]},{\"@type\":\"WebSite\",\"@id\":\"https:\/\/exibartarchive.com\/#website\",\"url\":\"https:\/\/exibartarchive.com\/\",\"name\":\"exibart archive\",\"description\":\"exibart archive,  per la custodia e la diffusione dei cataloghi d\u2019arte\",\"publisher\":{\"@id\":\"https:\/\/exibartarchive.com\/#organization\"},\"potentialAction\":[{\"@type\":\"SearchAction\",\"target\":{\"@type\":\"EntryPoint\",\"urlTemplate\":\"https:\/\/exibartarchive.com\/?s={search_term_string}\"},\"query-input\":{\"@type\":\"PropertyValueSpecification\",\"valueRequired\":true,\"valueName\":\"search_term_string\"}}],\"inLanguage\":\"es\"},{\"@type\":\"Organization\",\"@id\":\"https:\/\/exibartarchive.com\/#organization\",\"name\":\"exibart\",\"url\":\"https:\/\/exibartarchive.com\/\",\"logo\":{\"@type\":\"ImageObject\",\"inLanguage\":\"es\",\"@id\":\"https:\/\/exibartarchive.com\/#\/schema\/logo\/image\/\",\"url\":\"https:\/\/exibartarchive.com\/wp-content\/uploads\/2023\/02\/archive-icon.png\",\"contentUrl\":\"https:\/\/exibartarchive.com\/wp-content\/uploads\/2023\/02\/archive-icon.png\",\"width\":231,\"height\":230,\"caption\":\"exibart\"},\"image\":{\"@id\":\"https:\/\/exibartarchive.com\/#\/schema\/logo\/image\/\"}}]}<\/script>\n<!-- \/ Yoast SEO plugin. -->","yoast_head_json":{"title":"Publica tu cat\u00e1logo - exibart archive","robots":{"index":"index","follow":"follow","max-snippet":"max-snippet:-1","max-image-preview":"max-image-preview:large","max-video-preview":"max-video-preview:-1"},"canonical":"https:\/\/exibartarchive.com\/es\/publica-tu-catalogo\/","og_locale":"es_ES","og_type":"article","og_title":"Publica tu cat\u00e1logo - exibart archive","og_description":"Publica tu cat\u00e1logo en formato digital Publicar tu cat\u00e1logo aqu\u00ed significa hacerlo durar para siempre, optimizar su indexaci\u00f3n en la web y permitir a todos un f\u00e1cil acceso. Si ya tienes un cat\u00e1logo en formato PDF y deseas archivarlo en nuestra plataforma, puedes elegir entre los siguientes servicios. Descubre los beneficios de estar aqu\u00ed \u2192 [&hellip;]","og_url":"https:\/\/exibartarchive.com\/es\/publica-tu-catalogo\/","og_site_name":"exibart archive","article_modified_time":"2025-11-14T12:08:12+00:00","twitter_card":"summary_large_image","schema":{"@context":"https:\/\/schema.org","@graph":[{"@type":"WebPage","@id":"https:\/\/exibartarchive.com\/es\/publica-tu-catalogo\/","url":"https:\/\/exibartarchive.com\/es\/publica-tu-catalogo\/","name":"Publica tu cat\u00e1logo - exibart archive","isPartOf":{"@id":"https:\/\/exibartarchive.com\/#website"},"datePublished":"2025-02-05T11:42:20+00:00","dateModified":"2025-11-14T12:08:12+00:00","breadcrumb":{"@id":"https:\/\/exibartarchive.com\/es\/publica-tu-catalogo\/#breadcrumb"},"inLanguage":"es","potentialAction":[{"@type":"ReadAction","target":["https:\/\/exibartarchive.com\/es\/publica-tu-catalogo\/"]}]},{"@type":"BreadcrumbList","@id":"https:\/\/exibartarchive.com\/es\/publica-tu-catalogo\/#breadcrumb","itemListElement":[{"@type":"ListItem","position":1,"name":"Home","item":"https:\/\/exibartarchive.com\/"},{"@type":"ListItem","position":2,"name":"Publica tu cat\u00e1logo"}]},{"@type":"WebSite","@id":"https:\/\/exibartarchive.com\/#website","url":"https:\/\/exibartarchive.com\/","name":"exibart archive","description":"exibart archive,  per la custodia e la diffusione dei cataloghi d\u2019arte","publisher":{"@id":"https:\/\/exibartarchive.com\/#organization"},"potentialAction":[{"@type":"SearchAction","target":{"@type":"EntryPoint","urlTemplate":"https:\/\/exibartarchive.com\/?s={search_term_string}"},"query-input":{"@type":"PropertyValueSpecification","valueRequired":true,"valueName":"search_term_string"}}],"inLanguage":"es"},{"@type":"Organization","@id":"https:\/\/exibartarchive.com\/#organization","name":"exibart","url":"https:\/\/exibartarchive.com\/","logo":{"@type":"ImageObject","inLanguage":"es","@id":"https:\/\/exibartarchive.com\/#\/schema\/logo\/image\/","url":"https:\/\/exibartarchive.com\/wp-content\/uploads\/2023\/02\/archive-icon.png","contentUrl":"https:\/\/exibartarchive.com\/wp-content\/uploads\/2023\/02\/archive-icon.png","width":231,"height":230,"caption":"exibart"},"image":{"@id":"https:\/\/exibartarchive.com\/#\/schema\/logo\/image\/"}}]}},"_links":{"self":[{"href":"https:\/\/exibartarchive.com\/es\/wp-json\/wp\/v2\/pages\/1465","targetHints":{"allow":["GET"]}}],"collection":[{"href":"https:\/\/exibartarchive.com\/es\/wp-json\/wp\/v2\/pages"}],"about":[{"href":"https:\/\/exibartarchive.com\/es\/wp-json\/wp\/v2\/types\/page"}],"author":[{"embeddable":true,"href":"https:\/\/exibartarchive.com\/es\/wp-json\/wp\/v2\/users\/1"}],"replies":[{"embeddable":true,"href":"https:\/\/exibartarchive.com\/es\/wp-json\/wp\/v2\/comments?post=1465"}],"version-history":[{"count":2,"href":"https:\/\/exibartarchive.com\/es\/wp-json\/wp\/v2\/pages\/1465\/revisions"}],"predecessor-version":[{"id":1526,"href":"https:\/\/exibartarchive.com\/es\/wp-json\/wp\/v2\/pages\/1465\/revisions\/1526"}],"wp:attachment":[{"href":"https:\/\/exibartarchive.com\/es\/wp-json\/wp\/v2\/media?parent=1465"}],"curies":[{"name":"wp","href":"https:\/\/api.w.org\/{rel}","templated":true}]}}