{"id":1482,"date":"2025-02-07T10:47:13","date_gmt":"2025-02-07T09:47:13","guid":{"rendered":"https:\/\/exibartarchive.com\/crea-con-noi-il-tuo-catalogo\/"},"modified":"2025-11-14T13:10:57","modified_gmt":"2025-11-14T12:10:57","slug":"crea-tu-catalogo-digital-con-nosotros","status":"publish","type":"page","link":"https:\/\/exibartarchive.com\/es\/crea-tu-catalogo-digital-con-nosotros\/","title":{"rendered":"Crea tu cat\u00e1logo digital con nosotros"},"content":{"rendered":"<div class=\"container\" data-aos=\"fade-up\">\n<div class=\"row my-5 pb-5\">\n<div class=\"col-md-12\">\n<h1 class=\"large-text\" style=\"margin-bottom: 30px;\">Crea tu cat\u00e1logo digital con nosotros<\/h1>\n<\/p><\/div>\n<div class=\"row my-5 pb-5\">\n<div class=\"col-md-10\">\n<div style=\"font-size: 20px; font-weight: 600;\">\n                    Publicar tu cat\u00e1logo aqu\u00ed significa hacerlo durar para siempre, optimizar su indexaci\u00f3n en la red y permitir que todos lo consulten f\u00e1cilmente.<br \/>\n                    Si nos conf\u00edas la creaci\u00f3n de tu cat\u00e1logo, nosotros nos encargaremos de todo.<br \/>\n                    Podr\u00e1s elegir entre tres dise\u00f1os gr\u00e1ficos diferentes que corresponden a nuestras tres l\u00edneas editoriales<br \/>\n                    <a style=\"color: black; text-decoration: underline;\" href=\"https:\/\/exibartarchive.com\/es\/modelli-cataloghi\/\">(ver ejemplos aqu\u00ed)<\/a>.<br \/>\n                    \u00a1Crear tu nuevo cat\u00e1logo es realmente f\u00e1cil! T\u00fa nos env\u00edas los materiales y nosotros hacemos el resto.\n                <\/div>\n<p>                &nbsp;<\/p>\n<div class=\"small-text padding-right-set\" style=\"font-size: 20px; font-weight: 600; line-height: 25px;\">\n                    <a class=\"link-arrow\" href=\"https:\/\/exibartarchive.com\/es\/vantaggi\/\"><br \/>\n                        Descubre las ventajas de estar aqu\u00ed \u2192<br \/>\n                    <\/a>\n                <\/div>\n<div class=\"small-text padding-right-set\" style=\"font-size: 20px; font-weight: 600; line-height: 25px;\">\n                    <a class=\"link-arrow\" href=\"https:\/\/exibartarchive.com\/es\/progetti\/\"><br \/>\n                        Descubre nuestro proyecto \u2192<br \/>\n                    <\/a>\n                <\/div>\n<div class=\"small-text padding-right-set\" style=\"font-size: 20px; font-weight: 600; line-height: 25px;\">\n                    <a class=\"link-arrow\" href=\"https:\/\/exibartarchive.com\/es\/edizioni\/\"><br \/>\n                        Ver los cat\u00e1logos \u2192<br \/>\n                    <\/a>\n                <\/div>\n<\/p><\/div>\n<div class=\"col-md-2\"><\/div>\n<\/p><\/div>\n<div class=\"row my-4\">\n<div class=\"col-md-3 col-with-border\">\n<h3 class=\"medium-title-text3\">Elijo el paquete de cat\u00e1logo completo que incluye:<\/h3>\n<div class=\"medium-title-text4\">\n                    Dise\u00f1o gr\u00e1fico<br \/>\n                    Maquetaci\u00f3n<br \/>\n                    Editorial exibart edizioni<br \/>\n                    C\u00f3digo ISBN<br \/>\n                    Archivado<br \/>\n                    Indexaci\u00f3n<br \/>\n                    C\u00f3digo QR\n                <\/div>\n<h6 class=\"subtitle-text\">Hasta 16 p\u00e1ginas (m\u00e1x. 18 obras)<\/h6>\n<h3 class=\"medium-title-text2\">488,00 \u20ac<\/h3>\n<div class=\"very-small-text\">(pago \u00fanico)<\/div>\n<p>                <button class=\"add_to_cart_button btn btn-primary mt-3\" type=\"submit\" data-product_id=\"658\">A\u00f1adir al carrito<\/button><\/p>\n<h6 class=\"subtitle-text\">Despu\u00e9s de la compra ser\u00e1s contactado para la realizaci\u00f3n del servicio<\/h6>\n<div class=\"d-flex align-items-center mt-3\"><i class=\"fas fa-info-circle text-info\"><\/i><br \/>\n                    <a href=\"https:\/\/exibartarchive.com\/es\/contatti\/\"><span style=\"font-size: 12px;\">Solicita informaci\u00f3n sobre el servicio<\/span><\/a>\n                <\/div>\n<\/p><\/div>\n<div class=\"col-md-3 col-with-border\">\n<h3 class=\"medium-title-text3\">Elijo el paquete de cat\u00e1logo completo que incluye:<\/h3>\n<div class=\"medium-title-text4\">\n                    Dise\u00f1o gr\u00e1fico<br \/>\n                    Maquetaci\u00f3n<br \/>\n                    Editorial exibart edizioni<br \/>\n                    C\u00f3digo ISBN<br \/>\n                    Archivado<br \/>\n                    Indexaci\u00f3n<br \/>\n                    C\u00f3digo QR\n                <\/div>\n<h6 class=\"subtitle-text\">De 17 a 48 p\u00e1ginas (m\u00e1x. 40 obras)<\/h6>\n<h3 class=\"medium-title-text2\">732,00 \u20ac<\/h3>\n<div class=\"very-small-text\">(pago \u00fanico)<\/div>\n<p>                <button class=\"add_to_cart_button btn btn-primary mt-3\" type=\"submit\" data-product_id=\"660\">A\u00f1adir al carrito<\/button><\/p>\n<h6 class=\"subtitle-text\">Despu\u00e9s de la compra ser\u00e1s contactado para la realizaci\u00f3n del servicio<\/h6>\n<div class=\"d-flex align-items-center mt-3\"><i class=\"fas fa-info-circle text-info\"><\/i><br \/>\n                    <a href=\"https:\/\/exibartarchive.com\/es\/contatti\/\"><span style=\"font-size: 12px;\">Solicita informaci\u00f3n sobre el servicio<\/span><\/a>\n                <\/div>\n<\/p><\/div>\n<div class=\"col-md-3 col-with-border\">\n<h3 class=\"medium-title-text3\">Elijo el paquete de cat\u00e1logo completo que incluye:<\/h3>\n<div class=\"medium-title-text4\">\n                    Dise\u00f1o gr\u00e1fico<br \/>\n                    Maquetaci\u00f3n<br \/>\n                    Editorial exibart edizioni<br \/>\n                    C\u00f3digo ISBN<br \/>\n                    Archivado<br \/>\n                    Indexaci\u00f3n<br \/>\n                    C\u00f3digo QR\n                <\/div>\n<h6 class=\"subtitle-text\">De 49 a 96 p\u00e1ginas (m\u00e1x. 60 obras)<\/h6>\n<h3 class=\"medium-title-text2\">976,00 \u20ac<\/h3>\n<div class=\"very-small-text\">(pago \u00fanico)<\/div>\n<p>                <button class=\"add_to_cart_button btn btn-primary mt-3\" type=\"submit\" data-product_id=\"662\">A\u00f1adir al carrito<\/button><\/p>\n<h6 class=\"subtitle-text\">Despu\u00e9s de la compra ser\u00e1s contactado para la realizaci\u00f3n del servicio<\/h6>\n<div class=\"d-flex align-items-center mt-3\"><i class=\"fas fa-info-circle text-info\"><\/i><br \/>\n                    <a href=\"https:\/\/exibartarchive.com\/es\/contatti\/\"><span style=\"font-size: 12px;\">Solicita informaci\u00f3n sobre el servicio<\/span><\/a>\n                <\/div>\n<\/p><\/div>\n<div class=\"col-md-3 col-with-border\">\n<h3 class=\"medium-title-text3\">Elijo el paquete de cat\u00e1logo completo que incluye:<\/h3>\n<div class=\"medium-title-text4\">\n                    Dise\u00f1o gr\u00e1fico<br \/>\n                    Maquetaci\u00f3n<br \/>\n                    Editorial exibart edizioni<br \/>\n                    C\u00f3digo ISBN<br \/>\n                    Archivado<br \/>\n                    Indexaci\u00f3n<br \/>\n                    C\u00f3digo QR\n                <\/div>\n<h6 class=\"subtitle-text\">De 97 a 125 p\u00e1ginas (m\u00e1x. 80 obras)<\/h6>\n<h3 class=\"medium-title-text2\">1.220,00 \u20ac<\/h3>\n<div class=\"very-small-text\">(pago \u00fanico)<\/div>\n<p>                <button class=\"add_to_cart_button btn btn-primary mt-3\" type=\"submit\" data-product_id=\"664\">A\u00f1adir al carrito<\/button><\/p>\n<h6 class=\"subtitle-text\">Despu\u00e9s de la compra ser\u00e1s contactado para la realizaci\u00f3n del servicio<\/h6>\n<div class=\"d-flex align-items-center mt-3\"><i class=\"fas fa-info-circle text-info\"><\/i><br \/>\n                    <a href=\"https:\/\/exibartarchive.com\/es\/contatti\/\"><span style=\"font-size: 12px;\">Solicita informaci\u00f3n sobre el servicio<\/span><\/a>\n                <\/div>\n<\/p><\/div>\n<\/p><\/div>\n<div class=\"row mt-4\">\n<div class=\"col-md-12\"><\/div>\n<\/p><\/div>\n<\/p><\/div>\n<div style=\"font-size: 20px; font-weight: 600; float: right;\">\n        Para cat\u00e1logos de m\u00e1s de 125 p\u00e1ginas, solicita informaci\u00f3n<br \/>\n        <a style=\"color: black; text-decoration: underline;\" href=\"https:\/\/exibartarchive.com\/es\/contatti\/\">aqu\u00ed \u2192<\/a>\n    <\/div>\n<div class=\"spacer\"><\/div>\n<\/div>\n","protected":false},"excerpt":{"rendered":"<p>Crea tu cat\u00e1logo digital con nosotros Publicar tu cat\u00e1logo aqu\u00ed significa hacerlo durar para siempre, optimizar su indexaci\u00f3n en la red y permitir que todos lo consulten f\u00e1cilmente. Si nos conf\u00edas la creaci\u00f3n de tu cat\u00e1logo, nosotros nos encargaremos de todo. Podr\u00e1s elegir entre tres dise\u00f1os gr\u00e1ficos diferentes que corresponden a nuestras tres l\u00edneas editoriales [&hellip;]<\/p>\n","protected":false},"author":1,"featured_media":0,"parent":0,"menu_order":0,"comment_status":"closed","ping_status":"closed","template":"page-templates\/page-sidebar-none.php","meta":{"footnotes":""},"class_list":["post-1482","page","type-page","status-publish","hentry"],"yoast_head":"<!-- This site is optimized with the Yoast SEO plugin v26.0 - https:\/\/yoast.com\/wordpress\/plugins\/seo\/ -->\n<title>Crea tu cat\u00e1logo digital con nosotros - exibart archive<\/title>\n<meta name=\"robots\" content=\"index, follow, max-snippet:-1, max-image-preview:large, max-video-preview:-1\" \/>\n<link rel=\"canonical\" href=\"https:\/\/exibartarchive.com\/es\/crea-tu-catalogo-digital-con-nosotros\/\" \/>\n<meta property=\"og:locale\" content=\"es_ES\" \/>\n<meta property=\"og:type\" content=\"article\" \/>\n<meta property=\"og:title\" content=\"Crea tu cat\u00e1logo digital con nosotros - exibart archive\" \/>\n<meta property=\"og:description\" content=\"Crea tu cat\u00e1logo digital con nosotros Publicar tu cat\u00e1logo aqu\u00ed significa hacerlo durar para siempre, optimizar su indexaci\u00f3n en la red y permitir que todos lo consulten f\u00e1cilmente. Si nos conf\u00edas la creaci\u00f3n de tu cat\u00e1logo, nosotros nos encargaremos de todo. Podr\u00e1s elegir entre tres dise\u00f1os gr\u00e1ficos diferentes que corresponden a nuestras tres l\u00edneas editoriales [&hellip;]\" \/>\n<meta property=\"og:url\" content=\"https:\/\/exibartarchive.com\/es\/crea-tu-catalogo-digital-con-nosotros\/\" \/>\n<meta property=\"og:site_name\" content=\"exibart archive\" \/>\n<meta property=\"article:modified_time\" content=\"2025-11-14T12:10:57+00:00\" \/>\n<meta name=\"twitter:card\" content=\"summary_large_image\" \/>\n<script type=\"application\/ld+json\" class=\"yoast-schema-graph\">{\"@context\":\"https:\/\/schema.org\",\"@graph\":[{\"@type\":\"WebPage\",\"@id\":\"https:\/\/exibartarchive.com\/es\/crea-tu-catalogo-digital-con-nosotros\/\",\"url\":\"https:\/\/exibartarchive.com\/es\/crea-tu-catalogo-digital-con-nosotros\/\",\"name\":\"Crea tu cat\u00e1logo digital con nosotros - exibart archive\",\"isPartOf\":{\"@id\":\"https:\/\/exibartarchive.com\/#website\"},\"datePublished\":\"2025-02-07T09:47:13+00:00\",\"dateModified\":\"2025-11-14T12:10:57+00:00\",\"breadcrumb\":{\"@id\":\"https:\/\/exibartarchive.com\/es\/crea-tu-catalogo-digital-con-nosotros\/#breadcrumb\"},\"inLanguage\":\"es\",\"potentialAction\":[{\"@type\":\"ReadAction\",\"target\":[\"https:\/\/exibartarchive.com\/es\/crea-tu-catalogo-digital-con-nosotros\/\"]}]},{\"@type\":\"BreadcrumbList\",\"@id\":\"https:\/\/exibartarchive.com\/es\/crea-tu-catalogo-digital-con-nosotros\/#breadcrumb\",\"itemListElement\":[{\"@type\":\"ListItem\",\"position\":1,\"name\":\"Home\",\"item\":\"https:\/\/exibartarchive.com\/\"},{\"@type\":\"ListItem\",\"position\":2,\"name\":\"Crea tu cat\u00e1logo digital con nosotros\"}]},{\"@type\":\"WebSite\",\"@id\":\"https:\/\/exibartarchive.com\/#website\",\"url\":\"https:\/\/exibartarchive.com\/\",\"name\":\"exibart archive\",\"description\":\"exibart archive,  per la custodia e la diffusione dei cataloghi d\u2019arte\",\"publisher\":{\"@id\":\"https:\/\/exibartarchive.com\/#organization\"},\"potentialAction\":[{\"@type\":\"SearchAction\",\"target\":{\"@type\":\"EntryPoint\",\"urlTemplate\":\"https:\/\/exibartarchive.com\/?s={search_term_string}\"},\"query-input\":{\"@type\":\"PropertyValueSpecification\",\"valueRequired\":true,\"valueName\":\"search_term_string\"}}],\"inLanguage\":\"es\"},{\"@type\":\"Organization\",\"@id\":\"https:\/\/exibartarchive.com\/#organization\",\"name\":\"exibart\",\"url\":\"https:\/\/exibartarchive.com\/\",\"logo\":{\"@type\":\"ImageObject\",\"inLanguage\":\"es\",\"@id\":\"https:\/\/exibartarchive.com\/#\/schema\/logo\/image\/\",\"url\":\"https:\/\/exibartarchive.com\/wp-content\/uploads\/2023\/02\/archive-icon.png\",\"contentUrl\":\"https:\/\/exibartarchive.com\/wp-content\/uploads\/2023\/02\/archive-icon.png\",\"width\":231,\"height\":230,\"caption\":\"exibart\"},\"image\":{\"@id\":\"https:\/\/exibartarchive.com\/#\/schema\/logo\/image\/\"}}]}<\/script>\n<!-- \/ Yoast SEO plugin. -->","yoast_head_json":{"title":"Crea tu cat\u00e1logo digital con nosotros - exibart archive","robots":{"index":"index","follow":"follow","max-snippet":"max-snippet:-1","max-image-preview":"max-image-preview:large","max-video-preview":"max-video-preview:-1"},"canonical":"https:\/\/exibartarchive.com\/es\/crea-tu-catalogo-digital-con-nosotros\/","og_locale":"es_ES","og_type":"article","og_title":"Crea tu cat\u00e1logo digital con nosotros - exibart archive","og_description":"Crea tu cat\u00e1logo digital con nosotros Publicar tu cat\u00e1logo aqu\u00ed significa hacerlo durar para siempre, optimizar su indexaci\u00f3n en la red y permitir que todos lo consulten f\u00e1cilmente. Si nos conf\u00edas la creaci\u00f3n de tu cat\u00e1logo, nosotros nos encargaremos de todo. Podr\u00e1s elegir entre tres dise\u00f1os gr\u00e1ficos diferentes que corresponden a nuestras tres l\u00edneas editoriales [&hellip;]","og_url":"https:\/\/exibartarchive.com\/es\/crea-tu-catalogo-digital-con-nosotros\/","og_site_name":"exibart archive","article_modified_time":"2025-11-14T12:10:57+00:00","twitter_card":"summary_large_image","schema":{"@context":"https:\/\/schema.org","@graph":[{"@type":"WebPage","@id":"https:\/\/exibartarchive.com\/es\/crea-tu-catalogo-digital-con-nosotros\/","url":"https:\/\/exibartarchive.com\/es\/crea-tu-catalogo-digital-con-nosotros\/","name":"Crea tu cat\u00e1logo digital con nosotros - exibart archive","isPartOf":{"@id":"https:\/\/exibartarchive.com\/#website"},"datePublished":"2025-02-07T09:47:13+00:00","dateModified":"2025-11-14T12:10:57+00:00","breadcrumb":{"@id":"https:\/\/exibartarchive.com\/es\/crea-tu-catalogo-digital-con-nosotros\/#breadcrumb"},"inLanguage":"es","potentialAction":[{"@type":"ReadAction","target":["https:\/\/exibartarchive.com\/es\/crea-tu-catalogo-digital-con-nosotros\/"]}]},{"@type":"BreadcrumbList","@id":"https:\/\/exibartarchive.com\/es\/crea-tu-catalogo-digital-con-nosotros\/#breadcrumb","itemListElement":[{"@type":"ListItem","position":1,"name":"Home","item":"https:\/\/exibartarchive.com\/"},{"@type":"ListItem","position":2,"name":"Crea tu cat\u00e1logo digital con nosotros"}]},{"@type":"WebSite","@id":"https:\/\/exibartarchive.com\/#website","url":"https:\/\/exibartarchive.com\/","name":"exibart archive","description":"exibart archive,  per la custodia e la diffusione dei cataloghi d\u2019arte","publisher":{"@id":"https:\/\/exibartarchive.com\/#organization"},"potentialAction":[{"@type":"SearchAction","target":{"@type":"EntryPoint","urlTemplate":"https:\/\/exibartarchive.com\/?s={search_term_string}"},"query-input":{"@type":"PropertyValueSpecification","valueRequired":true,"valueName":"search_term_string"}}],"inLanguage":"es"},{"@type":"Organization","@id":"https:\/\/exibartarchive.com\/#organization","name":"exibart","url":"https:\/\/exibartarchive.com\/","logo":{"@type":"ImageObject","inLanguage":"es","@id":"https:\/\/exibartarchive.com\/#\/schema\/logo\/image\/","url":"https:\/\/exibartarchive.com\/wp-content\/uploads\/2023\/02\/archive-icon.png","contentUrl":"https:\/\/exibartarchive.com\/wp-content\/uploads\/2023\/02\/archive-icon.png","width":231,"height":230,"caption":"exibart"},"image":{"@id":"https:\/\/exibartarchive.com\/#\/schema\/logo\/image\/"}}]}},"_links":{"self":[{"href":"https:\/\/exibartarchive.com\/es\/wp-json\/wp\/v2\/pages\/1482","targetHints":{"allow":["GET"]}}],"collection":[{"href":"https:\/\/exibartarchive.com\/es\/wp-json\/wp\/v2\/pages"}],"about":[{"href":"https:\/\/exibartarchive.com\/es\/wp-json\/wp\/v2\/types\/page"}],"author":[{"embeddable":true,"href":"https:\/\/exibartarchive.com\/es\/wp-json\/wp\/v2\/users\/1"}],"replies":[{"embeddable":true,"href":"https:\/\/exibartarchive.com\/es\/wp-json\/wp\/v2\/comments?post=1482"}],"version-history":[{"count":2,"href":"https:\/\/exibartarchive.com\/es\/wp-json\/wp\/v2\/pages\/1482\/revisions"}],"predecessor-version":[{"id":1527,"href":"https:\/\/exibartarchive.com\/es\/wp-json\/wp\/v2\/pages\/1482\/revisions\/1527"}],"wp:attachment":[{"href":"https:\/\/exibartarchive.com\/es\/wp-json\/wp\/v2\/media?parent=1482"}],"curies":[{"name":"wp","href":"https:\/\/api.w.org\/{rel}","templated":true}]}}