{"id":1486,"date":"2025-02-05T15:45:36","date_gmt":"2025-02-05T14:45:36","guid":{"rendered":"https:\/\/exibartarchive.com\/vantaggi\/"},"modified":"2025-11-21T16:56:15","modified_gmt":"2025-11-21T15:56:15","slug":"ventajas","status":"publish","type":"page","link":"https:\/\/exibartarchive.com\/es\/ventajas\/","title":{"rendered":"Ventajas"},"content":{"rendered":"<div class=\"container\" data-aos=\"fade-up\">\n        <!-- Primera fila --><\/p>\n<div class=\"row my-5 pb-5\" style=\"height: 100px;\">\n<div class=\"col-md-12\">\n<h1 class=\"large-text\">Ventajas<\/h1>\n<\/p><\/div>\n<\/div>\n<div class=\"row\">\n<div class=\"col-md-8 d-flex flex-column justify-content-between row-divider\">\n<div class=\"text-left\">\n<p class=\"medium-text padding-right-set\" style=\"margin-bottom:30px;\">Publicar un cat\u00e1logo digital (o una versi\u00f3n digital de un cat\u00e1logo impreso) en nuestra plataforma te garantiza ventajas extraordinarias:<\/p>\n<\/p><\/div>\n<div class=\"text-left\">\n<p class=\"small-text padding-right-set\" style=\"font-size: 20px; font-weight: 600; line-height: 25px;\">Tu cat\u00e1logo digital tiene vida infinita, no se amarillea, no se desgasta y no teme la humedad ni el paso del tiempo.<\/br><br \/>\nTu cat\u00e1logo digital se indexa en la red y se convierte en una herramienta de comunicaci\u00f3n constante.<\/br><br \/>\nTu cat\u00e1logo digital, publicado en nuestra plataforma independiente y autorizada, adquiere el mismo valor legal que los cat\u00e1logos impresos. Una vez publicado, su contenido no podr\u00e1 modificarse.<\/br><br \/>\nTu cat\u00e1logo digital, editado por exibart edizioni, adquiere inmediatamente la autoridad derivada de una marca reconocida en todo el mundo del arte.<\/br><br \/>\nTu cat\u00e1logo digital podr\u00e1 ser consultado y\/o descargado por cualquier persona en el mundo.\n<\/p>\n<\/p><\/div>\n<\/p><\/div>\n<div class=\"col-md-4\">\n<div class=\"text-left\" style=\"margin-left:30px;\">\n<div class=\"small-text padding-right-set\" style=\"font-size: 20px; font-weight: 600; line-height: 25px;\"><a class=\"link-arrow\" href=\"https:\/\/exibartarchive.com\/es\/publica-tu-catalogo\/\"><br \/>\nPublica aqu\u00ed tu cat\u00e1logo en formato digital \u2192<br \/>\n<\/a><\/div>\n<p>         <\/p>\n<div class=\"small-text padding-right-set\" style=\"font-size: 20px; font-weight: 600; line-height: 25px;\"><a class=\"link-arrow\" href=\"https:\/\/exibartarchive.com\/es\/crea-tu-catalogo-digital-con-nosotros\/\"><br \/>\nCrea tu cat\u00e1logo digital con nosotros \u2192<br \/>\n<\/a><\/div>\n<p><\/p>\n<div class=\"small-text padding-right-set\" style=\"font-size: 20px; font-weight: 600; line-height: 25px;\"><a class=\"link-arrow\" href=\"https:\/\/exibartarchive.com\/es\/mantente-en-contacto\/\"><br \/>\nO solicita informaci\u00f3n \u2192<br \/>\n<\/a><\/div>\n<\/p><\/div>\n<\/p><\/div>\n<\/p><\/div>\n<\/div>\n<div class=\"spacer\"><\/div>\n","protected":false},"excerpt":{"rendered":"<p>Ventajas Publicar un cat\u00e1logo digital (o una versi\u00f3n digital de un cat\u00e1logo impreso) en nuestra plataforma te garantiza ventajas extraordinarias: Tu cat\u00e1logo digital tiene vida infinita, no se amarillea, no se desgasta y no teme la humedad ni el paso del tiempo. Tu cat\u00e1logo digital se indexa en la red y se convierte en una [&hellip;]<\/p>\n","protected":false},"author":1,"featured_media":0,"parent":0,"menu_order":0,"comment_status":"closed","ping_status":"closed","template":"page-templates\/page-sidebar-none.php","meta":{"footnotes":""},"class_list":["post-1486","page","type-page","status-publish","hentry"],"yoast_head":"<!-- This site is optimized with the Yoast SEO plugin v26.0 - https:\/\/yoast.com\/wordpress\/plugins\/seo\/ -->\n<title>Ventajas - exibart archive<\/title>\n<meta name=\"robots\" content=\"index, follow, max-snippet:-1, max-image-preview:large, max-video-preview:-1\" \/>\n<link rel=\"canonical\" href=\"https:\/\/exibartarchive.com\/es\/ventajas\/\" \/>\n<meta property=\"og:locale\" content=\"es_ES\" \/>\n<meta property=\"og:type\" content=\"article\" \/>\n<meta property=\"og:title\" content=\"Ventajas - exibart archive\" \/>\n<meta property=\"og:description\" content=\"Ventajas Publicar un cat\u00e1logo digital (o una versi\u00f3n digital de un cat\u00e1logo impreso) en nuestra plataforma te garantiza ventajas extraordinarias: Tu cat\u00e1logo digital tiene vida infinita, no se amarillea, no se desgasta y no teme la humedad ni el paso del tiempo. Tu cat\u00e1logo digital se indexa en la red y se convierte en una [&hellip;]\" \/>\n<meta property=\"og:url\" content=\"https:\/\/exibartarchive.com\/es\/ventajas\/\" \/>\n<meta property=\"og:site_name\" content=\"exibart archive\" \/>\n<meta property=\"article:modified_time\" content=\"2025-11-21T15:56:15+00:00\" \/>\n<meta name=\"twitter:card\" content=\"summary_large_image\" \/>\n<script type=\"application\/ld+json\" class=\"yoast-schema-graph\">{\"@context\":\"https:\/\/schema.org\",\"@graph\":[{\"@type\":\"WebPage\",\"@id\":\"https:\/\/exibartarchive.com\/es\/ventajas\/\",\"url\":\"https:\/\/exibartarchive.com\/es\/ventajas\/\",\"name\":\"Ventajas - exibart archive\",\"isPartOf\":{\"@id\":\"https:\/\/exibartarchive.com\/#website\"},\"datePublished\":\"2025-02-05T14:45:36+00:00\",\"dateModified\":\"2025-11-21T15:56:15+00:00\",\"breadcrumb\":{\"@id\":\"https:\/\/exibartarchive.com\/es\/ventajas\/#breadcrumb\"},\"inLanguage\":\"es\",\"potentialAction\":[{\"@type\":\"ReadAction\",\"target\":[\"https:\/\/exibartarchive.com\/es\/ventajas\/\"]}]},{\"@type\":\"BreadcrumbList\",\"@id\":\"https:\/\/exibartarchive.com\/es\/ventajas\/#breadcrumb\",\"itemListElement\":[{\"@type\":\"ListItem\",\"position\":1,\"name\":\"Home\",\"item\":\"https:\/\/exibartarchive.com\/\"},{\"@type\":\"ListItem\",\"position\":2,\"name\":\"Ventajas\"}]},{\"@type\":\"WebSite\",\"@id\":\"https:\/\/exibartarchive.com\/#website\",\"url\":\"https:\/\/exibartarchive.com\/\",\"name\":\"exibart archive\",\"description\":\"exibart archive,  per la custodia e la diffusione dei cataloghi d\u2019arte\",\"publisher\":{\"@id\":\"https:\/\/exibartarchive.com\/#organization\"},\"potentialAction\":[{\"@type\":\"SearchAction\",\"target\":{\"@type\":\"EntryPoint\",\"urlTemplate\":\"https:\/\/exibartarchive.com\/?s={search_term_string}\"},\"query-input\":{\"@type\":\"PropertyValueSpecification\",\"valueRequired\":true,\"valueName\":\"search_term_string\"}}],\"inLanguage\":\"es\"},{\"@type\":\"Organization\",\"@id\":\"https:\/\/exibartarchive.com\/#organization\",\"name\":\"exibart\",\"url\":\"https:\/\/exibartarchive.com\/\",\"logo\":{\"@type\":\"ImageObject\",\"inLanguage\":\"es\",\"@id\":\"https:\/\/exibartarchive.com\/#\/schema\/logo\/image\/\",\"url\":\"https:\/\/exibartarchive.com\/wp-content\/uploads\/2023\/02\/archive-icon.png\",\"contentUrl\":\"https:\/\/exibartarchive.com\/wp-content\/uploads\/2023\/02\/archive-icon.png\",\"width\":231,\"height\":230,\"caption\":\"exibart\"},\"image\":{\"@id\":\"https:\/\/exibartarchive.com\/#\/schema\/logo\/image\/\"}}]}<\/script>\n<!-- \/ Yoast SEO plugin. -->","yoast_head_json":{"title":"Ventajas - exibart archive","robots":{"index":"index","follow":"follow","max-snippet":"max-snippet:-1","max-image-preview":"max-image-preview:large","max-video-preview":"max-video-preview:-1"},"canonical":"https:\/\/exibartarchive.com\/es\/ventajas\/","og_locale":"es_ES","og_type":"article","og_title":"Ventajas - exibart archive","og_description":"Ventajas Publicar un cat\u00e1logo digital (o una versi\u00f3n digital de un cat\u00e1logo impreso) en nuestra plataforma te garantiza ventajas extraordinarias: Tu cat\u00e1logo digital tiene vida infinita, no se amarillea, no se desgasta y no teme la humedad ni el paso del tiempo. Tu cat\u00e1logo digital se indexa en la red y se convierte en una [&hellip;]","og_url":"https:\/\/exibartarchive.com\/es\/ventajas\/","og_site_name":"exibart archive","article_modified_time":"2025-11-21T15:56:15+00:00","twitter_card":"summary_large_image","schema":{"@context":"https:\/\/schema.org","@graph":[{"@type":"WebPage","@id":"https:\/\/exibartarchive.com\/es\/ventajas\/","url":"https:\/\/exibartarchive.com\/es\/ventajas\/","name":"Ventajas - exibart archive","isPartOf":{"@id":"https:\/\/exibartarchive.com\/#website"},"datePublished":"2025-02-05T14:45:36+00:00","dateModified":"2025-11-21T15:56:15+00:00","breadcrumb":{"@id":"https:\/\/exibartarchive.com\/es\/ventajas\/#breadcrumb"},"inLanguage":"es","potentialAction":[{"@type":"ReadAction","target":["https:\/\/exibartarchive.com\/es\/ventajas\/"]}]},{"@type":"BreadcrumbList","@id":"https:\/\/exibartarchive.com\/es\/ventajas\/#breadcrumb","itemListElement":[{"@type":"ListItem","position":1,"name":"Home","item":"https:\/\/exibartarchive.com\/"},{"@type":"ListItem","position":2,"name":"Ventajas"}]},{"@type":"WebSite","@id":"https:\/\/exibartarchive.com\/#website","url":"https:\/\/exibartarchive.com\/","name":"exibart archive","description":"exibart archive,  per la custodia e la diffusione dei cataloghi d\u2019arte","publisher":{"@id":"https:\/\/exibartarchive.com\/#organization"},"potentialAction":[{"@type":"SearchAction","target":{"@type":"EntryPoint","urlTemplate":"https:\/\/exibartarchive.com\/?s={search_term_string}"},"query-input":{"@type":"PropertyValueSpecification","valueRequired":true,"valueName":"search_term_string"}}],"inLanguage":"es"},{"@type":"Organization","@id":"https:\/\/exibartarchive.com\/#organization","name":"exibart","url":"https:\/\/exibartarchive.com\/","logo":{"@type":"ImageObject","inLanguage":"es","@id":"https:\/\/exibartarchive.com\/#\/schema\/logo\/image\/","url":"https:\/\/exibartarchive.com\/wp-content\/uploads\/2023\/02\/archive-icon.png","contentUrl":"https:\/\/exibartarchive.com\/wp-content\/uploads\/2023\/02\/archive-icon.png","width":231,"height":230,"caption":"exibart"},"image":{"@id":"https:\/\/exibartarchive.com\/#\/schema\/logo\/image\/"}}]}},"_links":{"self":[{"href":"https:\/\/exibartarchive.com\/es\/wp-json\/wp\/v2\/pages\/1486","targetHints":{"allow":["GET"]}}],"collection":[{"href":"https:\/\/exibartarchive.com\/es\/wp-json\/wp\/v2\/pages"}],"about":[{"href":"https:\/\/exibartarchive.com\/es\/wp-json\/wp\/v2\/types\/page"}],"author":[{"embeddable":true,"href":"https:\/\/exibartarchive.com\/es\/wp-json\/wp\/v2\/users\/1"}],"replies":[{"embeddable":true,"href":"https:\/\/exibartarchive.com\/es\/wp-json\/wp\/v2\/comments?post=1486"}],"version-history":[{"count":4,"href":"https:\/\/exibartarchive.com\/es\/wp-json\/wp\/v2\/pages\/1486\/revisions"}],"predecessor-version":[{"id":1743,"href":"https:\/\/exibartarchive.com\/es\/wp-json\/wp\/v2\/pages\/1486\/revisions\/1743"}],"wp:attachment":[{"href":"https:\/\/exibartarchive.com\/es\/wp-json\/wp\/v2\/media?parent=1486"}],"curies":[{"name":"wp","href":"https:\/\/api.w.org\/{rel}","templated":true}]}}