{"id":1508,"date":"2025-02-05T15:23:13","date_gmt":"2025-02-05T14:23:13","guid":{"rendered":"https:\/\/exibartarchive.com\/progetti\/"},"modified":"2025-11-14T12:02:15","modified_gmt":"2025-11-14T11:02:15","slug":"proyecto","status":"publish","type":"page","link":"https:\/\/exibartarchive.com\/es\/proyecto\/","title":{"rendered":"Proyecto"},"content":{"rendered":"<div class=\"container\" data-aos=\"fade-up\">\n<div class=\"row my-5 pb-5\" style=\"height: 100px;\">\n<div class=\"col-md-4\">\n<h1 class=\"large-text\">Proyecto<\/h1>\n<\/p><\/div>\n<div class=\"col-md-4\"><\/div>\n<\/p><\/div>\n<div class=\"row\">\n<div class=\"col-md-8 d-flex flex-column justify-content-between row-divider\">\n<div class=\"text-left\">\n<p class=\"medium-text padding-right-set\">\n                    Los cat\u00e1logos de arte y, en general, las publicaciones de arte siempre han sido un punto de referencia para el mercado, los coleccionistas y los aficionados.\n                <\/p>\n<\/p><\/div>\n<div class=\"text-left\">\n<p class=\"small-text padding-right-set\">\n                    Adem\u00e1s de ser objetos de gran belleza y valor cultural, las publicaciones de arte siempre han tenido una funci\u00f3n t\u00e9cnica precisa al ubicar las obras de arte en espacios y tiempos espec\u00edficos.<br \/>\n                    De hecho, archivar una obra y sus publicaciones contribuye a determinar su valor.<\/p>\n<p>                    exibart archive es el primer archivo digital del mundo dedicado a cat\u00e1logos de arte y publicaciones del sector con el objetivo de ser un veh\u00edculo para su custodia y difusi\u00f3n.<\/p>\n<p>                    Ya sean publicaciones derivadas del papel o nativas digitales, las ventajas de estar archivadas en exibart archive son muchas: tener copias infinitas, mantener siempre la misma calidad, tiempo ilimitado para consultarlas y una facilidad extrema de b\u00fasqueda a trav\u00e9s del motor interno que las selecciona por Editoriales, Artistas, Categor\u00edas, Curadores, T\u00edtulos, ISBN y C\u00f3digo QR.<\/p>\n<p>                    Pero el gran valor a\u00f1adido de exibart archive es, sin duda, la indexaci\u00f3n de todas las publicaciones, que de esta manera tambi\u00e9n se convierte en una herramienta de comunicaci\u00f3n y difusi\u00f3n para los artistas y las obras representadas.\n                <\/p>\n<\/p><\/div>\n<\/p><\/div>\n<div class=\"col-md-4\">\n<div class=\"mb-4 medium-text\">\n                <a class=\"link-arrow-big\" href=\"https:\/\/exibartarchive.com\/es\/publish-your-catalog\/\">Publica tu cat\u00e1logo en formato digital aqu\u00ed \u2192<\/a>\n            <\/div>\n<div class=\"mb-4 medium-text\">\n                <a class=\"link-arrow-big\" href=\"https:\/\/exibartarchive.com\/es\/create-your-digital-catalogue-with-us\/\">Crea tu cat\u00e1logo digital con nosotros \u2192<\/a>\n            <\/div>\n<\/p><\/div>\n<\/p><\/div>\n<\/div>\n<div class=\"spacer\"><\/div>\n","protected":false},"excerpt":{"rendered":"<p>Proyecto Los cat\u00e1logos de arte y, en general, las publicaciones de arte siempre han sido un punto de referencia para el mercado, los coleccionistas y los aficionados. Adem\u00e1s de ser objetos de gran belleza y valor cultural, las publicaciones de arte siempre han tenido una funci\u00f3n t\u00e9cnica precisa al ubicar las obras de arte en [&hellip;]<\/p>\n","protected":false},"author":1,"featured_media":0,"parent":0,"menu_order":0,"comment_status":"closed","ping_status":"closed","template":"page-templates\/page-sidebar-none.php","meta":{"footnotes":""},"class_list":["post-1508","page","type-page","status-publish","hentry"],"yoast_head":"<!-- This site is optimized with the Yoast SEO plugin v26.0 - https:\/\/yoast.com\/wordpress\/plugins\/seo\/ -->\n<title>Proyecto - exibart archive<\/title>\n<meta name=\"robots\" content=\"index, follow, max-snippet:-1, max-image-preview:large, max-video-preview:-1\" \/>\n<link rel=\"canonical\" href=\"https:\/\/exibartarchive.com\/es\/proyecto\/\" \/>\n<meta property=\"og:locale\" content=\"es_ES\" \/>\n<meta property=\"og:type\" content=\"article\" \/>\n<meta property=\"og:title\" content=\"Proyecto - exibart archive\" \/>\n<meta property=\"og:description\" content=\"Proyecto Los cat\u00e1logos de arte y, en general, las publicaciones de arte siempre han sido un punto de referencia para el mercado, los coleccionistas y los aficionados. Adem\u00e1s de ser objetos de gran belleza y valor cultural, las publicaciones de arte siempre han tenido una funci\u00f3n t\u00e9cnica precisa al ubicar las obras de arte en [&hellip;]\" \/>\n<meta property=\"og:url\" content=\"https:\/\/exibartarchive.com\/es\/proyecto\/\" \/>\n<meta property=\"og:site_name\" content=\"exibart archive\" \/>\n<meta property=\"article:modified_time\" content=\"2025-11-14T11:02:15+00:00\" \/>\n<meta name=\"twitter:card\" content=\"summary_large_image\" \/>\n<script type=\"application\/ld+json\" class=\"yoast-schema-graph\">{\"@context\":\"https:\/\/schema.org\",\"@graph\":[{\"@type\":\"WebPage\",\"@id\":\"https:\/\/exibartarchive.com\/es\/proyecto\/\",\"url\":\"https:\/\/exibartarchive.com\/es\/proyecto\/\",\"name\":\"Proyecto - exibart archive\",\"isPartOf\":{\"@id\":\"https:\/\/exibartarchive.com\/#website\"},\"datePublished\":\"2025-02-05T14:23:13+00:00\",\"dateModified\":\"2025-11-14T11:02:15+00:00\",\"breadcrumb\":{\"@id\":\"https:\/\/exibartarchive.com\/es\/proyecto\/#breadcrumb\"},\"inLanguage\":\"es\",\"potentialAction\":[{\"@type\":\"ReadAction\",\"target\":[\"https:\/\/exibartarchive.com\/es\/proyecto\/\"]}]},{\"@type\":\"BreadcrumbList\",\"@id\":\"https:\/\/exibartarchive.com\/es\/proyecto\/#breadcrumb\",\"itemListElement\":[{\"@type\":\"ListItem\",\"position\":1,\"name\":\"Home\",\"item\":\"https:\/\/exibartarchive.com\/\"},{\"@type\":\"ListItem\",\"position\":2,\"name\":\"Proyecto\"}]},{\"@type\":\"WebSite\",\"@id\":\"https:\/\/exibartarchive.com\/#website\",\"url\":\"https:\/\/exibartarchive.com\/\",\"name\":\"exibart archive\",\"description\":\"exibart archive,  per la custodia e la diffusione dei cataloghi d\u2019arte\",\"publisher\":{\"@id\":\"https:\/\/exibartarchive.com\/#organization\"},\"potentialAction\":[{\"@type\":\"SearchAction\",\"target\":{\"@type\":\"EntryPoint\",\"urlTemplate\":\"https:\/\/exibartarchive.com\/?s={search_term_string}\"},\"query-input\":{\"@type\":\"PropertyValueSpecification\",\"valueRequired\":true,\"valueName\":\"search_term_string\"}}],\"inLanguage\":\"es\"},{\"@type\":\"Organization\",\"@id\":\"https:\/\/exibartarchive.com\/#organization\",\"name\":\"exibart\",\"url\":\"https:\/\/exibartarchive.com\/\",\"logo\":{\"@type\":\"ImageObject\",\"inLanguage\":\"es\",\"@id\":\"https:\/\/exibartarchive.com\/#\/schema\/logo\/image\/\",\"url\":\"https:\/\/exibartarchive.com\/wp-content\/uploads\/2023\/02\/archive-icon.png\",\"contentUrl\":\"https:\/\/exibartarchive.com\/wp-content\/uploads\/2023\/02\/archive-icon.png\",\"width\":231,\"height\":230,\"caption\":\"exibart\"},\"image\":{\"@id\":\"https:\/\/exibartarchive.com\/#\/schema\/logo\/image\/\"}}]}<\/script>\n<!-- \/ Yoast SEO plugin. -->","yoast_head_json":{"title":"Proyecto - exibart archive","robots":{"index":"index","follow":"follow","max-snippet":"max-snippet:-1","max-image-preview":"max-image-preview:large","max-video-preview":"max-video-preview:-1"},"canonical":"https:\/\/exibartarchive.com\/es\/proyecto\/","og_locale":"es_ES","og_type":"article","og_title":"Proyecto - exibart archive","og_description":"Proyecto Los cat\u00e1logos de arte y, en general, las publicaciones de arte siempre han sido un punto de referencia para el mercado, los coleccionistas y los aficionados. Adem\u00e1s de ser objetos de gran belleza y valor cultural, las publicaciones de arte siempre han tenido una funci\u00f3n t\u00e9cnica precisa al ubicar las obras de arte en [&hellip;]","og_url":"https:\/\/exibartarchive.com\/es\/proyecto\/","og_site_name":"exibart archive","article_modified_time":"2025-11-14T11:02:15+00:00","twitter_card":"summary_large_image","schema":{"@context":"https:\/\/schema.org","@graph":[{"@type":"WebPage","@id":"https:\/\/exibartarchive.com\/es\/proyecto\/","url":"https:\/\/exibartarchive.com\/es\/proyecto\/","name":"Proyecto - exibart archive","isPartOf":{"@id":"https:\/\/exibartarchive.com\/#website"},"datePublished":"2025-02-05T14:23:13+00:00","dateModified":"2025-11-14T11:02:15+00:00","breadcrumb":{"@id":"https:\/\/exibartarchive.com\/es\/proyecto\/#breadcrumb"},"inLanguage":"es","potentialAction":[{"@type":"ReadAction","target":["https:\/\/exibartarchive.com\/es\/proyecto\/"]}]},{"@type":"BreadcrumbList","@id":"https:\/\/exibartarchive.com\/es\/proyecto\/#breadcrumb","itemListElement":[{"@type":"ListItem","position":1,"name":"Home","item":"https:\/\/exibartarchive.com\/"},{"@type":"ListItem","position":2,"name":"Proyecto"}]},{"@type":"WebSite","@id":"https:\/\/exibartarchive.com\/#website","url":"https:\/\/exibartarchive.com\/","name":"exibart archive","description":"exibart archive,  per la custodia e la diffusione dei cataloghi d\u2019arte","publisher":{"@id":"https:\/\/exibartarchive.com\/#organization"},"potentialAction":[{"@type":"SearchAction","target":{"@type":"EntryPoint","urlTemplate":"https:\/\/exibartarchive.com\/?s={search_term_string}"},"query-input":{"@type":"PropertyValueSpecification","valueRequired":true,"valueName":"search_term_string"}}],"inLanguage":"es"},{"@type":"Organization","@id":"https:\/\/exibartarchive.com\/#organization","name":"exibart","url":"https:\/\/exibartarchive.com\/","logo":{"@type":"ImageObject","inLanguage":"es","@id":"https:\/\/exibartarchive.com\/#\/schema\/logo\/image\/","url":"https:\/\/exibartarchive.com\/wp-content\/uploads\/2023\/02\/archive-icon.png","contentUrl":"https:\/\/exibartarchive.com\/wp-content\/uploads\/2023\/02\/archive-icon.png","width":231,"height":230,"caption":"exibart"},"image":{"@id":"https:\/\/exibartarchive.com\/#\/schema\/logo\/image\/"}}]}},"_links":{"self":[{"href":"https:\/\/exibartarchive.com\/es\/wp-json\/wp\/v2\/pages\/1508","targetHints":{"allow":["GET"]}}],"collection":[{"href":"https:\/\/exibartarchive.com\/es\/wp-json\/wp\/v2\/pages"}],"about":[{"href":"https:\/\/exibartarchive.com\/es\/wp-json\/wp\/v2\/types\/page"}],"author":[{"embeddable":true,"href":"https:\/\/exibartarchive.com\/es\/wp-json\/wp\/v2\/users\/1"}],"replies":[{"embeddable":true,"href":"https:\/\/exibartarchive.com\/es\/wp-json\/wp\/v2\/comments?post=1508"}],"version-history":[{"count":1,"href":"https:\/\/exibartarchive.com\/es\/wp-json\/wp\/v2\/pages\/1508\/revisions"}],"predecessor-version":[{"id":1511,"href":"https:\/\/exibartarchive.com\/es\/wp-json\/wp\/v2\/pages\/1508\/revisions\/1511"}],"wp:attachment":[{"href":"https:\/\/exibartarchive.com\/es\/wp-json\/wp\/v2\/media?parent=1508"}],"curies":[{"name":"wp","href":"https:\/\/api.w.org\/{rel}","templated":true}]}}