{"id":1514,"date":"2025-02-05T16:19:44","date_gmt":"2025-02-05T15:19:44","guid":{"rendered":"https:\/\/exibartarchive.com\/qr-code\/"},"modified":"2025-11-17T13:36:25","modified_gmt":"2025-11-17T12:36:25","slug":"codigo-qr","status":"publish","type":"page","link":"https:\/\/exibartarchive.com\/es\/codigo-qr\/","title":{"rendered":"C\u00f3digo QR"},"content":{"rendered":"<div class=\"container\" data-aos=\"fade-up\"><!-- Primera fila --><\/p>\n<div class=\"row my-5 pb-5\" style=\"height: 100px;\">\n<div class=\"col-md-4\">\n<h1 class=\"large-text\">C\u00f3digo QR<\/h1>\n<\/p><\/div>\n<div class=\"col-md-4\"><\/div>\n<\/p><\/div>\n<div class=\"row\">\n<div class=\"col-md-8 d-flex flex-column justify-content-between row-divider\">\n<div class=\"text-left\">\n<p class=\"medium-text padding-right-set\">Es posible generar un C\u00f3digo QR para cada cat\u00e1logo que lo represente.<\/p>\n<\/p><\/div>\n<div class=\"text-left\">\n<p class=\"small-text padding-right-set\" style=\"font-size: 20px; font-weight: 600; line-height: 25px;\">\n          El C\u00f3digo QR puede ser impreso por cualquier persona directamente desde la p\u00e1gina del cat\u00e1logo que representa. Sus funciones son m\u00faltiples:\n        <\/p>\n<p>        Puede usarse en las etiquetas de las obras de una exposici\u00f3n o directamente en la parte trasera de las obras publicadas en el cat\u00e1logo.<\/p>\n<p>        Solo escan\u00e9alo con cualquier smartphone para ser redirigido inmediatamente al cat\u00e1logo que contiene las obras.\n      <\/p><\/div>\n<div>\n        <img decoding=\"async\" style=\"max-width: 100%; height: auto;\" src=\"\/wp-content\/uploads\/2025\/11\/quadro-qrcode_small_espanol.png\" alt=\"Uso del C\u00f3digo QR\" \/>\n      <\/div>\n<\/p><\/div>\n<div class=\"col-md-4\">\n<h3 class=\"medium-title-text2\">C\u00f3digo QR *<\/h3>\n<h6 class=\"subtitle-text\">Podemos crear un C\u00f3digo QR vinculado a tu cat\u00e1logo. El C\u00f3digo QR puede descargarse desde la p\u00e1gina dedicada del cat\u00e1logo e imprimirse. Puedes usarlo aplic\u00e1ndolo a las obras incluidas en el cat\u00e1logo o en las etiquetas de las exposiciones. Elijo usar el C\u00f3digo QR<\/h6>\n<h6 class=\"subtitle-text\">Despu\u00e9s de la compra, ser\u00e1s contactado para la realizaci\u00f3n del servicio<\/h6>\n<h3 class=\"medium-title-text2\">48,80 \u20ac<\/h3>\n<div class=\"very-small-text\">(pago \u00fanico)<\/div>\n<h6 class=\"subtitle-text mt-4\">* La compra de este producto solo es posible si ya se ha adquirido el servicio \u00abPublicaci\u00f3n, archivo e indexaci\u00f3n de contenidos\u00bb<\/h6>\n<p>      <button class=\"add_to_cart_button btn btn-primary mt-3\" type=\"submit\" data-product_id=\"653\">A\u00f1adir al carrito<\/button><\/p>\n<div class=\"d-flex align-items-center mt-3\"><i class=\"fas fa-info-circle text-info\"><\/i><br \/>\n        <span style=\"font-size: 12px;\">Solicitar informaci\u00f3n sobre el servicio<\/span>\n      <\/div>\n<\/p><\/div>\n<\/p><\/div>\n<\/div>\n<div class=\"spacer\"><\/div>\n","protected":false},"excerpt":{"rendered":"<p>C\u00f3digo QR Es posible generar un C\u00f3digo QR para cada cat\u00e1logo que lo represente. El C\u00f3digo QR puede ser impreso por cualquier persona directamente desde la p\u00e1gina del cat\u00e1logo que representa. Sus funciones son m\u00faltiples: Puede usarse en las etiquetas de las obras de una exposici\u00f3n o directamente en la parte trasera de las obras [&hellip;]<\/p>\n","protected":false},"author":1,"featured_media":0,"parent":0,"menu_order":0,"comment_status":"closed","ping_status":"closed","template":"page-templates\/page-sidebar-none.php","meta":{"footnotes":""},"class_list":["post-1514","page","type-page","status-publish","hentry"],"yoast_head":"<!-- This site is optimized with the Yoast SEO plugin v26.0 - https:\/\/yoast.com\/wordpress\/plugins\/seo\/ -->\n<title>C\u00f3digo QR - exibart archive<\/title>\n<meta name=\"robots\" content=\"index, follow, max-snippet:-1, max-image-preview:large, max-video-preview:-1\" \/>\n<link rel=\"canonical\" href=\"https:\/\/exibartarchive.com\/es\/codigo-qr\/\" \/>\n<meta property=\"og:locale\" content=\"es_ES\" \/>\n<meta property=\"og:type\" content=\"article\" \/>\n<meta property=\"og:title\" content=\"C\u00f3digo QR - exibart archive\" \/>\n<meta property=\"og:description\" content=\"C\u00f3digo QR Es posible generar un C\u00f3digo QR para cada cat\u00e1logo que lo represente. El C\u00f3digo QR puede ser impreso por cualquier persona directamente desde la p\u00e1gina del cat\u00e1logo que representa. Sus funciones son m\u00faltiples: Puede usarse en las etiquetas de las obras de una exposici\u00f3n o directamente en la parte trasera de las obras [&hellip;]\" \/>\n<meta property=\"og:url\" content=\"https:\/\/exibartarchive.com\/es\/codigo-qr\/\" \/>\n<meta property=\"og:site_name\" content=\"exibart archive\" \/>\n<meta property=\"article:modified_time\" content=\"2025-11-17T12:36:25+00:00\" \/>\n<meta name=\"twitter:card\" content=\"summary_large_image\" \/>\n<script type=\"application\/ld+json\" class=\"yoast-schema-graph\">{\"@context\":\"https:\/\/schema.org\",\"@graph\":[{\"@type\":\"WebPage\",\"@id\":\"https:\/\/exibartarchive.com\/es\/codigo-qr\/\",\"url\":\"https:\/\/exibartarchive.com\/es\/codigo-qr\/\",\"name\":\"C\u00f3digo QR - exibart archive\",\"isPartOf\":{\"@id\":\"https:\/\/exibartarchive.com\/#website\"},\"datePublished\":\"2025-02-05T15:19:44+00:00\",\"dateModified\":\"2025-11-17T12:36:25+00:00\",\"breadcrumb\":{\"@id\":\"https:\/\/exibartarchive.com\/es\/codigo-qr\/#breadcrumb\"},\"inLanguage\":\"es\",\"potentialAction\":[{\"@type\":\"ReadAction\",\"target\":[\"https:\/\/exibartarchive.com\/es\/codigo-qr\/\"]}]},{\"@type\":\"BreadcrumbList\",\"@id\":\"https:\/\/exibartarchive.com\/es\/codigo-qr\/#breadcrumb\",\"itemListElement\":[{\"@type\":\"ListItem\",\"position\":1,\"name\":\"Home\",\"item\":\"https:\/\/exibartarchive.com\/\"},{\"@type\":\"ListItem\",\"position\":2,\"name\":\"C\u00f3digo QR\"}]},{\"@type\":\"WebSite\",\"@id\":\"https:\/\/exibartarchive.com\/#website\",\"url\":\"https:\/\/exibartarchive.com\/\",\"name\":\"exibart archive\",\"description\":\"exibart archive,  per la custodia e la diffusione dei cataloghi d\u2019arte\",\"publisher\":{\"@id\":\"https:\/\/exibartarchive.com\/#organization\"},\"potentialAction\":[{\"@type\":\"SearchAction\",\"target\":{\"@type\":\"EntryPoint\",\"urlTemplate\":\"https:\/\/exibartarchive.com\/?s={search_term_string}\"},\"query-input\":{\"@type\":\"PropertyValueSpecification\",\"valueRequired\":true,\"valueName\":\"search_term_string\"}}],\"inLanguage\":\"es\"},{\"@type\":\"Organization\",\"@id\":\"https:\/\/exibartarchive.com\/#organization\",\"name\":\"exibart\",\"url\":\"https:\/\/exibartarchive.com\/\",\"logo\":{\"@type\":\"ImageObject\",\"inLanguage\":\"es\",\"@id\":\"https:\/\/exibartarchive.com\/#\/schema\/logo\/image\/\",\"url\":\"https:\/\/exibartarchive.com\/wp-content\/uploads\/2023\/02\/archive-icon.png\",\"contentUrl\":\"https:\/\/exibartarchive.com\/wp-content\/uploads\/2023\/02\/archive-icon.png\",\"width\":231,\"height\":230,\"caption\":\"exibart\"},\"image\":{\"@id\":\"https:\/\/exibartarchive.com\/#\/schema\/logo\/image\/\"}}]}<\/script>\n<!-- \/ Yoast SEO plugin. -->","yoast_head_json":{"title":"C\u00f3digo QR - exibart archive","robots":{"index":"index","follow":"follow","max-snippet":"max-snippet:-1","max-image-preview":"max-image-preview:large","max-video-preview":"max-video-preview:-1"},"canonical":"https:\/\/exibartarchive.com\/es\/codigo-qr\/","og_locale":"es_ES","og_type":"article","og_title":"C\u00f3digo QR - exibart archive","og_description":"C\u00f3digo QR Es posible generar un C\u00f3digo QR para cada cat\u00e1logo que lo represente. El C\u00f3digo QR puede ser impreso por cualquier persona directamente desde la p\u00e1gina del cat\u00e1logo que representa. Sus funciones son m\u00faltiples: Puede usarse en las etiquetas de las obras de una exposici\u00f3n o directamente en la parte trasera de las obras [&hellip;]","og_url":"https:\/\/exibartarchive.com\/es\/codigo-qr\/","og_site_name":"exibart archive","article_modified_time":"2025-11-17T12:36:25+00:00","twitter_card":"summary_large_image","schema":{"@context":"https:\/\/schema.org","@graph":[{"@type":"WebPage","@id":"https:\/\/exibartarchive.com\/es\/codigo-qr\/","url":"https:\/\/exibartarchive.com\/es\/codigo-qr\/","name":"C\u00f3digo QR - exibart archive","isPartOf":{"@id":"https:\/\/exibartarchive.com\/#website"},"datePublished":"2025-02-05T15:19:44+00:00","dateModified":"2025-11-17T12:36:25+00:00","breadcrumb":{"@id":"https:\/\/exibartarchive.com\/es\/codigo-qr\/#breadcrumb"},"inLanguage":"es","potentialAction":[{"@type":"ReadAction","target":["https:\/\/exibartarchive.com\/es\/codigo-qr\/"]}]},{"@type":"BreadcrumbList","@id":"https:\/\/exibartarchive.com\/es\/codigo-qr\/#breadcrumb","itemListElement":[{"@type":"ListItem","position":1,"name":"Home","item":"https:\/\/exibartarchive.com\/"},{"@type":"ListItem","position":2,"name":"C\u00f3digo QR"}]},{"@type":"WebSite","@id":"https:\/\/exibartarchive.com\/#website","url":"https:\/\/exibartarchive.com\/","name":"exibart archive","description":"exibart archive,  per la custodia e la diffusione dei cataloghi d\u2019arte","publisher":{"@id":"https:\/\/exibartarchive.com\/#organization"},"potentialAction":[{"@type":"SearchAction","target":{"@type":"EntryPoint","urlTemplate":"https:\/\/exibartarchive.com\/?s={search_term_string}"},"query-input":{"@type":"PropertyValueSpecification","valueRequired":true,"valueName":"search_term_string"}}],"inLanguage":"es"},{"@type":"Organization","@id":"https:\/\/exibartarchive.com\/#organization","name":"exibart","url":"https:\/\/exibartarchive.com\/","logo":{"@type":"ImageObject","inLanguage":"es","@id":"https:\/\/exibartarchive.com\/#\/schema\/logo\/image\/","url":"https:\/\/exibartarchive.com\/wp-content\/uploads\/2023\/02\/archive-icon.png","contentUrl":"https:\/\/exibartarchive.com\/wp-content\/uploads\/2023\/02\/archive-icon.png","width":231,"height":230,"caption":"exibart"},"image":{"@id":"https:\/\/exibartarchive.com\/#\/schema\/logo\/image\/"}}]}},"_links":{"self":[{"href":"https:\/\/exibartarchive.com\/es\/wp-json\/wp\/v2\/pages\/1514","targetHints":{"allow":["GET"]}}],"collection":[{"href":"https:\/\/exibartarchive.com\/es\/wp-json\/wp\/v2\/pages"}],"about":[{"href":"https:\/\/exibartarchive.com\/es\/wp-json\/wp\/v2\/types\/page"}],"author":[{"embeddable":true,"href":"https:\/\/exibartarchive.com\/es\/wp-json\/wp\/v2\/users\/1"}],"replies":[{"embeddable":true,"href":"https:\/\/exibartarchive.com\/es\/wp-json\/wp\/v2\/comments?post=1514"}],"version-history":[{"count":3,"href":"https:\/\/exibartarchive.com\/es\/wp-json\/wp\/v2\/pages\/1514\/revisions"}],"predecessor-version":[{"id":1733,"href":"https:\/\/exibartarchive.com\/es\/wp-json\/wp\/v2\/pages\/1514\/revisions\/1733"}],"wp:attachment":[{"href":"https:\/\/exibartarchive.com\/es\/wp-json\/wp\/v2\/media?parent=1514"}],"curies":[{"name":"wp","href":"https:\/\/api.w.org\/{rel}","templated":true}]}}