{"id":1564,"date":"2022-08-04T11:44:53","date_gmt":"2022-08-04T09:44:53","guid":{"rendered":"https:\/\/exibartarchive.com\/sezioni\/"},"modified":"2025-11-14T17:02:56","modified_gmt":"2025-11-14T16:02:56","slug":"sezioni","status":"publish","type":"page","link":"https:\/\/exibartarchive.com\/es\/sezioni\/","title":{"rendered":"sezioni"},"content":{"rendered":"<div class=\"container\">\r\n  <div class=\"row header-pag-interne \">\r\n    <div class=\"col-md-4 pl-0\">\r\n<a href=\"https:\/\/exibartarchive.com\/es\/\"><img decoding=\"async\" src=\"\/wp-content\/uploads\/2022\/08\/freccia-back.jpg\" alt=\"volver\"><\/a>\r\n    <\/div>\r\n    <div class=\"col-md-8 pr-0 logo-archive-pag-interne\">\r\n<a href=\"https:\/\/exibartarchive.com\/es\/\"><img decoding=\"async\" src=\"\/wp-content\/uploads\/2022\/08\/logo-pag-interne.jpg\" alt=\"exibart archive\"><\/a>\r\n    <\/div>\r\n  <\/div>\r\n  <div class=\"row \">\r\n    <div class=\"col-12 archive-breadcrumb\">\r\nInicio\/secciones\r\n    <\/div>\r\n  <\/div>\r\n<div class=\"row archive-content \">\r\n\r\n    <div class=\"col-md-6 archive-search-row d-flex align-items-center justify-content-center\">\r\nSECCIONES\r\n    <\/div>\r\n\r\n    <div class=\"col-md-6 d-flex align-items-center justify-content-center\">\r\n<div class=\"input-group archive-search\">\r\n  <input type=\"search\" class=\"form-control archive-form\" placeholder=\"BUSCAR\" aria-label=\"Buscar\" aria-describedby=\"search-addon\">\r\n<\/div>\r\n\r\n  <\/div>\r\n    <\/div>\r\n<div class=\"row archive-box \">\r\n\r\n    <div class=\"col-lg-4 col-md-6 archive-box-cell d-flex align-items-center justify-content-center \">\r\nFOTOGRAF\u00cdA\r\n    <\/div>\r\n\r\n    <div class=\"col-lg-4 col-md-6 archive-box-cell d-flex align-items-center justify-content-center \">\r\nEXPOSICIONES\r\n    <\/div>\r\n\r\n    <div class=\"col-lg-4 col-md-6 archive-box-cell d-flex align-items-center justify-content-center \">\r\nDISE\u00d1O\r\n    <\/div>\r\n\r\n  <\/div>\r\n  \r\n  <div class=\"row archive-box \">\r\n\r\n    <div class=\"col-lg-4 col-md-6 archive-box-cell d-flex align-items-center justify-content-center \">\r\nESCULTURA\r\n    <\/div>\r\n\r\n    <div class=\"col-lg-4 col-md-6 archive-box-cell d-flex align-items-center justify-content-center \">\r\nENSAYOS\r\n    <\/div>\r\n\r\n    <div class=\"col-lg-4 col-md-6 archive-box-cell d-flex align-items-center justify-content-center \">\r\nSECCI\u00d3N\r\n    <\/div>\r\n\r\n  <\/div>\r\n  \r\n  <div class=\"row archive-box \">\r\n\r\n    <div class=\"col-lg-4 col-md-6 archive-box-cell d-flex align-items-center justify-content-center \">\r\nSECCI\u00d3N\r\n    <\/div>\r\n\r\n    <div class=\"col-lg-4 col-md-6 archive-box-cell d-flex align-items-center justify-content-center \">\r\nSECCI\u00d3N\r\n    <\/div>\r\n\r\n    <div class=\"col-lg-4 col-md-6 archive-box-cell d-flex align-items-center justify-content-center \">\r\nSECCI\u00d3N\r\n    <\/div>\r\n\r\n  <\/div>\r\n  \r\n  <div class=\"row archive-box \">\r\n\r\n    <div class=\"col-lg-4 col-md-6 archive-box-cell d-flex align-items-center justify-content-center \">\r\nSECCI\u00d3N\r\n    <\/div>\r\n\r\n    <div class=\"col-lg-4 col-md-6 archive-box-cell d-flex align-items-center justify-content-center \">\r\nSECCI\u00d3N\r\n    <\/div>\r\n\r\n    <div class=\"col-lg-4 col-md-6 archive-box-cell d-flex align-items-center justify-content-center \">\r\nSECCI\u00d3N\r\n    <\/div>\r\n\r\n  <\/div>\r\n  \r\n  <div class=\"row archive-box \">\r\n\r\n    <div class=\"col-lg-4 col-md-6 archive-box-cell d-flex align-items-center justify-content-center \">\r\nSECCI\u00d3N\r\n    <\/div>\r\n\r\n    <div class=\"col-lg-4 col-md-6 archive-box-cell d-flex align-items-center justify-content-center \">\r\nSECCI\u00d3N\r\n    <\/div>\r\n\r\n    <div class=\"col-lg-4 col-md-6 archive-box-cell d-flex align-items-center justify-content-center \">\r\nSECCI\u00d3N\r\n    <\/div>\r\n\r\n  <\/div>\r\n<\/div>","protected":false},"excerpt":{"rendered":"<p>Inicio\/secciones SECCIONES FOTOGRAF\u00cdA EXPOSICIONES DISE\u00d1O ESCULTURA ENSAYOS SECCI\u00d3N SECCI\u00d3N SECCI\u00d3N SECCI\u00d3N SECCI\u00d3N SECCI\u00d3N SECCI\u00d3N SECCI\u00d3N SECCI\u00d3N SECCI\u00d3N<\/p>\n","protected":false},"author":1,"featured_media":0,"parent":0,"menu_order":0,"comment_status":"closed","ping_status":"closed","template":"","meta":{"footnotes":""},"class_list":["post-1564","page","type-page","status-publish","hentry"],"yoast_head":"<!-- This site is optimized with the Yoast SEO plugin v26.0 - https:\/\/yoast.com\/wordpress\/plugins\/seo\/ -->\n<title>sezioni - exibart archive<\/title>\n<meta name=\"robots\" content=\"index, follow, max-snippet:-1, max-image-preview:large, max-video-preview:-1\" \/>\n<link rel=\"canonical\" href=\"https:\/\/exibartarchive.com\/es\/sezioni\/\" \/>\n<meta property=\"og:locale\" content=\"es_ES\" \/>\n<meta property=\"og:type\" content=\"article\" \/>\n<meta property=\"og:title\" content=\"sezioni - exibart archive\" \/>\n<meta property=\"og:description\" content=\"Inicio\/secciones SECCIONES FOTOGRAF\u00cdA EXPOSICIONES DISE\u00d1O ESCULTURA ENSAYOS SECCI\u00d3N SECCI\u00d3N SECCI\u00d3N SECCI\u00d3N SECCI\u00d3N SECCI\u00d3N SECCI\u00d3N SECCI\u00d3N SECCI\u00d3N SECCI\u00d3N\" \/>\n<meta property=\"og:url\" content=\"https:\/\/exibartarchive.com\/es\/sezioni\/\" \/>\n<meta property=\"og:site_name\" content=\"exibart archive\" \/>\n<meta property=\"article:modified_time\" content=\"2025-11-14T16:02:56+00:00\" \/>\n<meta name=\"twitter:card\" content=\"summary_large_image\" \/>\n<script type=\"application\/ld+json\" class=\"yoast-schema-graph\">{\"@context\":\"https:\/\/schema.org\",\"@graph\":[{\"@type\":\"WebPage\",\"@id\":\"https:\/\/exibartarchive.com\/es\/sezioni\/\",\"url\":\"https:\/\/exibartarchive.com\/es\/sezioni\/\",\"name\":\"sezioni - exibart archive\",\"isPartOf\":{\"@id\":\"https:\/\/exibartarchive.com\/#website\"},\"datePublished\":\"2022-08-04T09:44:53+00:00\",\"dateModified\":\"2025-11-14T16:02:56+00:00\",\"breadcrumb\":{\"@id\":\"https:\/\/exibartarchive.com\/es\/sezioni\/#breadcrumb\"},\"inLanguage\":\"es\",\"potentialAction\":[{\"@type\":\"ReadAction\",\"target\":[\"https:\/\/exibartarchive.com\/es\/sezioni\/\"]}]},{\"@type\":\"BreadcrumbList\",\"@id\":\"https:\/\/exibartarchive.com\/es\/sezioni\/#breadcrumb\",\"itemListElement\":[{\"@type\":\"ListItem\",\"position\":1,\"name\":\"Home\",\"item\":\"https:\/\/exibartarchive.com\/\"},{\"@type\":\"ListItem\",\"position\":2,\"name\":\"sezioni\"}]},{\"@type\":\"WebSite\",\"@id\":\"https:\/\/exibartarchive.com\/#website\",\"url\":\"https:\/\/exibartarchive.com\/\",\"name\":\"exibart archive\",\"description\":\"exibart archive,  per la custodia e la diffusione dei cataloghi d\u2019arte\",\"publisher\":{\"@id\":\"https:\/\/exibartarchive.com\/#organization\"},\"potentialAction\":[{\"@type\":\"SearchAction\",\"target\":{\"@type\":\"EntryPoint\",\"urlTemplate\":\"https:\/\/exibartarchive.com\/?s={search_term_string}\"},\"query-input\":{\"@type\":\"PropertyValueSpecification\",\"valueRequired\":true,\"valueName\":\"search_term_string\"}}],\"inLanguage\":\"es\"},{\"@type\":\"Organization\",\"@id\":\"https:\/\/exibartarchive.com\/#organization\",\"name\":\"exibart\",\"url\":\"https:\/\/exibartarchive.com\/\",\"logo\":{\"@type\":\"ImageObject\",\"inLanguage\":\"es\",\"@id\":\"https:\/\/exibartarchive.com\/#\/schema\/logo\/image\/\",\"url\":\"https:\/\/exibartarchive.com\/wp-content\/uploads\/2023\/02\/archive-icon.png\",\"contentUrl\":\"https:\/\/exibartarchive.com\/wp-content\/uploads\/2023\/02\/archive-icon.png\",\"width\":231,\"height\":230,\"caption\":\"exibart\"},\"image\":{\"@id\":\"https:\/\/exibartarchive.com\/#\/schema\/logo\/image\/\"}}]}<\/script>\n<!-- \/ Yoast SEO plugin. -->","yoast_head_json":{"title":"sezioni - exibart archive","robots":{"index":"index","follow":"follow","max-snippet":"max-snippet:-1","max-image-preview":"max-image-preview:large","max-video-preview":"max-video-preview:-1"},"canonical":"https:\/\/exibartarchive.com\/es\/sezioni\/","og_locale":"es_ES","og_type":"article","og_title":"sezioni - exibart archive","og_description":"Inicio\/secciones SECCIONES FOTOGRAF\u00cdA EXPOSICIONES DISE\u00d1O ESCULTURA ENSAYOS SECCI\u00d3N SECCI\u00d3N SECCI\u00d3N SECCI\u00d3N SECCI\u00d3N SECCI\u00d3N SECCI\u00d3N SECCI\u00d3N SECCI\u00d3N SECCI\u00d3N","og_url":"https:\/\/exibartarchive.com\/es\/sezioni\/","og_site_name":"exibart archive","article_modified_time":"2025-11-14T16:02:56+00:00","twitter_card":"summary_large_image","schema":{"@context":"https:\/\/schema.org","@graph":[{"@type":"WebPage","@id":"https:\/\/exibartarchive.com\/es\/sezioni\/","url":"https:\/\/exibartarchive.com\/es\/sezioni\/","name":"sezioni - exibart archive","isPartOf":{"@id":"https:\/\/exibartarchive.com\/#website"},"datePublished":"2022-08-04T09:44:53+00:00","dateModified":"2025-11-14T16:02:56+00:00","breadcrumb":{"@id":"https:\/\/exibartarchive.com\/es\/sezioni\/#breadcrumb"},"inLanguage":"es","potentialAction":[{"@type":"ReadAction","target":["https:\/\/exibartarchive.com\/es\/sezioni\/"]}]},{"@type":"BreadcrumbList","@id":"https:\/\/exibartarchive.com\/es\/sezioni\/#breadcrumb","itemListElement":[{"@type":"ListItem","position":1,"name":"Home","item":"https:\/\/exibartarchive.com\/"},{"@type":"ListItem","position":2,"name":"sezioni"}]},{"@type":"WebSite","@id":"https:\/\/exibartarchive.com\/#website","url":"https:\/\/exibartarchive.com\/","name":"exibart archive","description":"exibart archive,  per la custodia e la diffusione dei cataloghi d\u2019arte","publisher":{"@id":"https:\/\/exibartarchive.com\/#organization"},"potentialAction":[{"@type":"SearchAction","target":{"@type":"EntryPoint","urlTemplate":"https:\/\/exibartarchive.com\/?s={search_term_string}"},"query-input":{"@type":"PropertyValueSpecification","valueRequired":true,"valueName":"search_term_string"}}],"inLanguage":"es"},{"@type":"Organization","@id":"https:\/\/exibartarchive.com\/#organization","name":"exibart","url":"https:\/\/exibartarchive.com\/","logo":{"@type":"ImageObject","inLanguage":"es","@id":"https:\/\/exibartarchive.com\/#\/schema\/logo\/image\/","url":"https:\/\/exibartarchive.com\/wp-content\/uploads\/2023\/02\/archive-icon.png","contentUrl":"https:\/\/exibartarchive.com\/wp-content\/uploads\/2023\/02\/archive-icon.png","width":231,"height":230,"caption":"exibart"},"image":{"@id":"https:\/\/exibartarchive.com\/#\/schema\/logo\/image\/"}}]}},"_links":{"self":[{"href":"https:\/\/exibartarchive.com\/es\/wp-json\/wp\/v2\/pages\/1564","targetHints":{"allow":["GET"]}}],"collection":[{"href":"https:\/\/exibartarchive.com\/es\/wp-json\/wp\/v2\/pages"}],"about":[{"href":"https:\/\/exibartarchive.com\/es\/wp-json\/wp\/v2\/types\/page"}],"author":[{"embeddable":true,"href":"https:\/\/exibartarchive.com\/es\/wp-json\/wp\/v2\/users\/1"}],"replies":[{"embeddable":true,"href":"https:\/\/exibartarchive.com\/es\/wp-json\/wp\/v2\/comments?post=1564"}],"version-history":[{"count":1,"href":"https:\/\/exibartarchive.com\/es\/wp-json\/wp\/v2\/pages\/1564\/revisions"}],"predecessor-version":[{"id":1573,"href":"https:\/\/exibartarchive.com\/es\/wp-json\/wp\/v2\/pages\/1564\/revisions\/1573"}],"wp:attachment":[{"href":"https:\/\/exibartarchive.com\/es\/wp-json\/wp\/v2\/media?parent=1564"}],"curies":[{"name":"wp","href":"https:\/\/api.w.org\/{rel}","templated":true}]}}