{"id":1658,"date":"2025-02-07T13:44:48","date_gmt":"2025-02-07T12:44:48","guid":{"rendered":"https:\/\/exibartarchive.com\/modelli-cataloghi\/"},"modified":"2025-11-14T19:23:46","modified_gmt":"2025-11-14T18:23:46","slug":"modelos-de-catalogo","status":"publish","type":"page","link":"https:\/\/exibartarchive.com\/es\/modelos-de-catalogo\/","title":{"rendered":"Modelos de cat\u00e1logo"},"content":{"rendered":"<div class=\"container\" data-aos=\"fade-up\">\n   <!-- Primera fila --><\/p>\n<div class=\"row my-5 pb-5\" style=\"height: 100px;\">\n<div class=\"col-md-12\">\n<h1 class=\"large-text\">Modelos de cat\u00e1logo<\/h1>\n<\/p><\/div>\n<\/p><\/div>\n<div class=\"row\">\n<div class=\"col-md-6 d-flex flex-column row-divider\">\n<div class=\"text-left\">\n<p class=\"medium-text padding-right-set\">Modelo 1 &#8211; 1\/16 <\/p>\n<\/p><\/div>\n<p class=\"small-text padding-right-set\" style=\"font-size: 20px; font-weight: 600; line-height: 25px;\">(16 p\u00e1ginas, tama\u00f1o A5)<\/p>\n<div class=\"text-left\">\n            Esta serie fue dise\u00f1ada para documentar performances, proyectos especiales o fanzines de artista. De hecho, 1\/16 busca enfatizar la idea art\u00edstica por encima de la narraci\u00f3n t\u00e9cnica. M\u00e1s que una publicaci\u00f3n de arte, 1\/16 quiere ser una obra de arte en s\u00ed misma, privilegiando una idea de concepto general.<br \/>\n\t\t\tPor su tama\u00f1o y bajo n\u00famero de p\u00e1ginas, 1\/16 es perfecto para tiradas cortas y con costos contenidos.\n         <\/div>\n<\/p><\/div>\n<div class=\"col-md-6\">\n<div class=\"text-left\" style=\"margin-left:30px;\">\n<p class=\"medium-text\">Ejemplos<\/p>\n<p class=\"small-text padding-right-set\" style=\"font-size: 20px; font-weight: 600; line-height: 25px;\">1\/16<\/p>\n<div><div class=\"_df_book df-lite\" id=\"df_817\"  data-title=\"modello-1-1-16\" _slug=\"modello-1-1-16\" wpoptions=\"true\" thumbtype=\"bg\" ><p class=\"df-raw-loading\">Please wait while flipbook is loading. For more related info, FAQs and issues please refer to <a href=\"https:\/\/wordpress.org\/plugins\/3d-flipbook-dflip-lite\/#installation\">DearFlip WordPress Flipbook Plugin Help<\/a> documentation.<\/p><\/div><script class=\"df-shortcode-script\" type=\"application\/javascript\">window.option_df_817 = {\"outline\":[],\"backgroundColor\":\"#f4f3ef\",\"forceFit\":\"true\",\"autoEnableOutline\":\"false\",\"autoEnableThumbnail\":\"false\",\"overwritePDFOutline\":\"false\",\"direction\":\"1\",\"pageSize\":\"0\",\"soundEnable\":\"false\",\"source\":\"https:\\\/\\\/exibartarchive.com\\\/wp-content\\\/uploads\\\/2025\\\/04\\\/catalogo-unsedicesimo-1.pdf\",\"wpOptions\":\"true\"}; if(window.DFLIP && window.DFLIP.parseBooks){window.DFLIP.parseBooks();}<\/script><\/div>\n<div><div class=\"_df_book df-lite\" id=\"df_829\"  data-title=\"modello-1-1-16-esempio2\" _slug=\"modello-1-1-16-esempio2\" wpoptions=\"true\" thumbtype=\"bg\" ><p class=\"df-raw-loading\">Please wait while flipbook is loading. For more related info, FAQs and issues please refer to <a href=\"https:\/\/wordpress.org\/plugins\/3d-flipbook-dflip-lite\/#installation\">DearFlip WordPress Flipbook Plugin Help<\/a> documentation.<\/p><\/div><script class=\"df-shortcode-script\" type=\"application\/javascript\">window.option_df_829 = {\"outline\":[],\"backgroundColor\":\"#f4f3ef\",\"forceFit\":\"true\",\"autoEnableOutline\":\"false\",\"autoEnableThumbnail\":\"false\",\"overwritePDFOutline\":\"false\",\"direction\":\"1\",\"pageSize\":\"0\",\"soundEnable\":\"false\",\"source\":\"https:\\\/\\\/exibartarchive.com\\\/wp-content\\\/uploads\\\/2025\\\/04\\\/catalogo-unsedicesimo_tipo2.pdf\",\"wpOptions\":\"true\"}; if(window.DFLIP && window.DFLIP.parseBooks){window.DFLIP.parseBooks();}<\/script><\/div>\n<\/p><\/div>\n<\/p><\/div>\n<\/p><\/div>\n<div class=\"row\">\n<div class=\"col-md-6 d-flex flex-column row-divider\">\n<div class=\"text-left\">\n<p class=\"medium-text padding-right-set\">Modelo 2 &#8211; Rary<\/p>\n<\/p><\/div>\n<p class=\"small-text padding-right-set\" style=\"font-size: 20px; font-weight: 600; line-height: 25px;\">Personal o colectivo<\/p>\n<div class=\"text-left\">\n            Esta serie puede ser utilizada tanto para cat\u00e1logos personales como colectivos. Su fuerte enfoque contempor\u00e1neo y la gr\u00e1fica audaz lo hacen ideal para publicaciones que requieren un proyecto distintivo. La posibilidad de modificar colores y dise\u00f1os hace que este formato sea altamente personalizable.\n         <\/div>\n<\/p><\/div>\n<div class=\"col-md-6\">\n<div class=\"text-left\" style=\"margin-left:30px;\">\n<p class=\"medium-text\">Ejemplos<\/p>\n<p class=\"small-text padding-right-set\" style=\"font-size: 20px; font-weight: 600; line-height: 25px;\">Rary<\/p>\n<div><div class=\"_df_book df-lite\" id=\"df_813\"  data-title=\"modello-2-rary\" _slug=\"modello-2-rary\" wpoptions=\"true\" thumbtype=\"bg\" ><p class=\"df-raw-loading\">Please wait while flipbook is loading. For more related info, FAQs and issues please refer to <a href=\"https:\/\/wordpress.org\/plugins\/3d-flipbook-dflip-lite\/#installation\">DearFlip WordPress Flipbook Plugin Help<\/a> documentation.<\/p><\/div><script class=\"df-shortcode-script\" type=\"application\/javascript\">window.option_df_813 = {\"outline\":[],\"backgroundColor\":\"#f4f3ef\",\"forceFit\":\"true\",\"autoEnableOutline\":\"false\",\"autoEnableThumbnail\":\"false\",\"overwritePDFOutline\":\"false\",\"direction\":\"1\",\"pageSize\":\"0\",\"soundEnable\":\"false\",\"source\":\"https:\\\/\\\/exibartarchive.com\\\/wp-content\\\/uploads\\\/2025\\\/04\\\/catalogo_vers16-ridotto-per-archive_compressed.pdf\",\"wpOptions\":\"true\"}; if(window.DFLIP && window.DFLIP.parseBooks){window.DFLIP.parseBooks();}<\/script><\/div>\n<div><div class=\"_df_book df-lite\" id=\"df_833\"  data-title=\"modello-2-rary-personale\" _slug=\"modello-2-rary-personale\" wpoptions=\"true\" thumbtype=\"bg\" ><p class=\"df-raw-loading\">Please wait while flipbook is loading. For more related info, FAQs and issues please refer to <a href=\"https:\/\/wordpress.org\/plugins\/3d-flipbook-dflip-lite\/#installation\">DearFlip WordPress Flipbook Plugin Help<\/a> documentation.<\/p><\/div><script class=\"df-shortcode-script\" type=\"application\/javascript\">window.option_df_833 = {\"outline\":[],\"backgroundColor\":\"#f4f3ef\",\"forceFit\":\"true\",\"autoEnableOutline\":\"false\",\"autoEnableThumbnail\":\"false\",\"overwritePDFOutline\":\"false\",\"direction\":\"1\",\"pageSize\":\"0\",\"soundEnable\":\"false\",\"source\":\"https:\\\/\\\/exibartarchive.com\\\/wp-content\\\/uploads\\\/2025\\\/04\\\/catalogo-personale-modello-2-1.pdf\",\"wpOptions\":\"true\"}; if(window.DFLIP && window.DFLIP.parseBooks){window.DFLIP.parseBooks();}<\/script><\/div>\n<\/p><\/div>\n<\/p><\/div>\n<\/p><\/div>\n<div class=\"row\">\n<div class=\"col-md-6 d-flex flex-column row-divider\">\n<div class=\"text-left\">\n<p class=\"medium-text padding-right-set\">Modelo 3 &#8211; Coll.ana<\/p>\n<\/p><\/div>\n<p class=\"small-text padding-right-set\" style=\"font-size: 20px; font-weight: 600; line-height: 25px;\">Colectivo<\/p>\n<div class=\"text-left\">\n            Este modelo de cat\u00e1logo est\u00e1 dise\u00f1ado solo para colectivos que representan un gran n\u00famero de artistas. El dise\u00f1o gr\u00e1fico tiende al minimalismo para facilitar la consulta.\n         <\/div>\n<\/p><\/div>\n<div class=\"col-md-6\">\n<div class=\"text-left\" style=\"margin-left:30px;\">\n<p class=\"medium-text\">Ejemplo<\/p>\n<p class=\"small-text padding-right-set\" style=\"font-size: 20px; font-weight: 600; line-height: 25px;\">Coll.ana<\/p>\n<div><div class=\"_df_book df-lite\" id=\"df_803\"  data-title=\"exibart-prize\" _slug=\"exibart-prize\" wpoptions=\"true\" thumbtype=\"bg\" ><p class=\"df-raw-loading\">Please wait while flipbook is loading. For more related info, FAQs and issues please refer to <a href=\"https:\/\/wordpress.org\/plugins\/3d-flipbook-dflip-lite\/#installation\">DearFlip WordPress Flipbook Plugin Help<\/a> documentation.<\/p><\/div><script class=\"df-shortcode-script\" type=\"application\/javascript\">window.option_df_803 = {\"outline\":[],\"backgroundColor\":\"#f4f3ef\",\"forceFit\":\"true\",\"autoEnableOutline\":\"false\",\"autoEnableThumbnail\":\"false\",\"overwritePDFOutline\":\"false\",\"direction\":\"1\",\"pageSize\":\"0\",\"soundEnable\":\"false\",\"source\":\"https:\\\/\\\/exibartarchive.com\\\/wp-content\\\/uploads\\\/2025\\\/04\\\/catalogo-finalisti-N4.pdf\",\"wpOptions\":\"true\"}; if(window.DFLIP && window.DFLIP.parseBooks){window.DFLIP.parseBooks();}<\/script><\/div>\n<\/p><\/div>\n<\/p><\/div>\n<\/p><\/div>\n<div class=\"row\">\n<div class=\"col-md-6 d-flex flex-column row-divider\">\n<div class=\"text-left\">\n<p class=\"medium-text padding-right-set\">Modelo 4 &#8211; Image<\/p>\n<\/p><\/div>\n<p class=\"small-text padding-right-set\" style=\"font-size: 20px; font-weight: 600; line-height: 25px;\">Para cat\u00e1logos fotogr\u00e1ficos<\/p>\n<div class=\"text-left\">\n            Esta serie puede utilizarse tanto para cat\u00e1logos personales como colectivos. Est\u00e1 pensada para proyectos donde el uso de im\u00e1genes prevalece sobre el texto o la gr\u00e1fica.\n         <\/div>\n<\/p><\/div>\n<div class=\"col-md-6\">\n<div class=\"text-left\" style=\"margin-left:30px;\">\n<p class=\"medium-text\">Ejemplo<\/p>\n<p class=\"small-text padding-right-set\" style=\"font-size: 20px; font-weight: 600; line-height: 25px;\">Image<\/p>\n<div><div class=\"_df_book df-lite\" id=\"df_809\"  data-title=\"modello-4-image\" _slug=\"modello-4-image\" wpoptions=\"true\" thumbtype=\"bg\" ><p class=\"df-raw-loading\">Please wait while flipbook is loading. For more related info, FAQs and issues please refer to <a href=\"https:\/\/wordpress.org\/plugins\/3d-flipbook-dflip-lite\/#installation\">DearFlip WordPress Flipbook Plugin Help<\/a> documentation.<\/p><\/div><script class=\"df-shortcode-script\" type=\"application\/javascript\">window.option_df_809 = {\"outline\":[],\"backgroundColor\":\"#f4f3ef\",\"forceFit\":\"true\",\"autoEnableOutline\":\"false\",\"autoEnableThumbnail\":\"false\",\"overwritePDFOutline\":\"false\",\"direction\":\"1\",\"pageSize\":\"0\",\"soundEnable\":\"false\",\"source\":\"https:\\\/\\\/exibartarchive.com\\\/wp-content\\\/uploads\\\/2025\\\/04\\\/catologo-fotografico2.pdf\",\"wpOptions\":\"true\"}; if(window.DFLIP && window.DFLIP.parseBooks){window.DFLIP.parseBooks();}<\/script><\/div>\n<\/p><\/div>\n<\/p><\/div>\n<\/p><\/div>\n<div class=\"row\">\n<div class=\"col-md-6 d-flex flex-column row-divider\">\n<div class=\"text-left\">\n<p class=\"medium-text padding-right-set\">Modelo 5 &#8211; Mono<\/p>\n<\/p><\/div>\n<p class=\"small-text padding-right-set\" style=\"font-size: 20px; font-weight: 600; line-height: 25px;\">Libros de arte<\/p>\n<div class=\"text-left\">\n            Esta serie est\u00e1 dise\u00f1ada para realizar libros de arte, monograf\u00edas y ensayos, donde el texto tiene prioridad sobre las im\u00e1genes. La flexibilidad de la gr\u00e1fica se adapta f\u00e1cilmente a cualquier proyecto editorial.\n         <\/div>\n<\/p><\/div>\n<div class \n\n","protected":false},"excerpt":{"rendered":"<p>Modelos de cat\u00e1logo Modelo 1 &#8211; 1\/16 (16 p\u00e1ginas, tama\u00f1o A5) Esta serie fue dise\u00f1ada para documentar performances, proyectos especiales o fanzines de artista. De hecho, 1\/16 busca enfatizar la idea art\u00edstica por encima de la narraci\u00f3n t\u00e9cnica. M\u00e1s que una publicaci\u00f3n de arte, 1\/16 quiere ser una obra de arte en s\u00ed misma, privilegiando [&hellip;]<\/p>\n","protected":false},"author":1,"featured_media":0,"parent":0,"menu_order":0,"comment_status":"closed","ping_status":"closed","template":"page-templates\/page-sidebar-none.php","meta":{"footnotes":""},"class_list":["post-1658","page","type-page","status-publish","hentry"],"yoast_head":"<!-- This site is optimized with the Yoast SEO plugin v26.0 - https:\/\/yoast.com\/wordpress\/plugins\/seo\/ -->\n<title>Modelos de cat\u00e1logo - exibart archive<\/title>\n<meta name=\"robots\" content=\"index, follow, max-snippet:-1, max-image-preview:large, max-video-preview:-1\" \/>\n<link rel=\"canonical\" href=\"https:\/\/exibartarchive.com\/es\/modelos-de-catalogo\/\" \/>\n<meta property=\"og:locale\" content=\"es_ES\" \/>\n<meta property=\"og:type\" content=\"article\" \/>\n<meta property=\"og:title\" content=\"Modelos de cat\u00e1logo - exibart archive\" \/>\n<meta property=\"og:description\" content=\"Modelos de cat\u00e1logo Modelo 1 &#8211; 1\/16 (16 p\u00e1ginas, tama\u00f1o A5) Esta serie fue dise\u00f1ada para documentar performances, proyectos especiales o fanzines de artista. De hecho, 1\/16 busca enfatizar la idea art\u00edstica por encima de la narraci\u00f3n t\u00e9cnica. M\u00e1s que una publicaci\u00f3n de arte, 1\/16 quiere ser una obra de arte en s\u00ed misma, privilegiando [&hellip;]\" \/>\n<meta property=\"og:url\" content=\"https:\/\/exibartarchive.com\/es\/modelos-de-catalogo\/\" \/>\n<meta property=\"og:site_name\" content=\"exibart archive\" \/>\n<meta property=\"article:modified_time\" content=\"2025-11-14T18:23:46+00:00\" \/>\n<meta name=\"twitter:card\" content=\"summary_large_image\" \/>\n<script type=\"application\/ld+json\" class=\"yoast-schema-graph\">{\"@context\":\"https:\/\/schema.org\",\"@graph\":[{\"@type\":\"WebPage\",\"@id\":\"https:\/\/exibartarchive.com\/es\/modelos-de-catalogo\/\",\"url\":\"https:\/\/exibartarchive.com\/es\/modelos-de-catalogo\/\",\"name\":\"Modelos de cat\u00e1logo - exibart archive\",\"isPartOf\":{\"@id\":\"https:\/\/exibartarchive.com\/#website\"},\"datePublished\":\"2025-02-07T12:44:48+00:00\",\"dateModified\":\"2025-11-14T18:23:46+00:00\",\"breadcrumb\":{\"@id\":\"https:\/\/exibartarchive.com\/es\/modelos-de-catalogo\/#breadcrumb\"},\"inLanguage\":\"es\",\"potentialAction\":[{\"@type\":\"ReadAction\",\"target\":[\"https:\/\/exibartarchive.com\/es\/modelos-de-catalogo\/\"]}]},{\"@type\":\"BreadcrumbList\",\"@id\":\"https:\/\/exibartarchive.com\/es\/modelos-de-catalogo\/#breadcrumb\",\"itemListElement\":[{\"@type\":\"ListItem\",\"position\":1,\"name\":\"Home\",\"item\":\"https:\/\/exibartarchive.com\/\"},{\"@type\":\"ListItem\",\"position\":2,\"name\":\"Modelos de cat\u00e1logo\"}]},{\"@type\":\"WebSite\",\"@id\":\"https:\/\/exibartarchive.com\/#website\",\"url\":\"https:\/\/exibartarchive.com\/\",\"name\":\"exibart archive\",\"description\":\"exibart archive,  per la custodia e la diffusione dei cataloghi d\u2019arte\",\"publisher\":{\"@id\":\"https:\/\/exibartarchive.com\/#organization\"},\"potentialAction\":[{\"@type\":\"SearchAction\",\"target\":{\"@type\":\"EntryPoint\",\"urlTemplate\":\"https:\/\/exibartarchive.com\/?s={search_term_string}\"},\"query-input\":{\"@type\":\"PropertyValueSpecification\",\"valueRequired\":true,\"valueName\":\"search_term_string\"}}],\"inLanguage\":\"es\"},{\"@type\":\"Organization\",\"@id\":\"https:\/\/exibartarchive.com\/#organization\",\"name\":\"exibart\",\"url\":\"https:\/\/exibartarchive.com\/\",\"logo\":{\"@type\":\"ImageObject\",\"inLanguage\":\"es\",\"@id\":\"https:\/\/exibartarchive.com\/#\/schema\/logo\/image\/\",\"url\":\"https:\/\/exibartarchive.com\/wp-content\/uploads\/2023\/02\/archive-icon.png\",\"contentUrl\":\"https:\/\/exibartarchive.com\/wp-content\/uploads\/2023\/02\/archive-icon.png\",\"width\":231,\"height\":230,\"caption\":\"exibart\"},\"image\":{\"@id\":\"https:\/\/exibartarchive.com\/#\/schema\/logo\/image\/\"}}]}<\/script>\n<!-- \/ Yoast SEO plugin. -->","yoast_head_json":{"title":"Modelos de cat\u00e1logo - exibart archive","robots":{"index":"index","follow":"follow","max-snippet":"max-snippet:-1","max-image-preview":"max-image-preview:large","max-video-preview":"max-video-preview:-1"},"canonical":"https:\/\/exibartarchive.com\/es\/modelos-de-catalogo\/","og_locale":"es_ES","og_type":"article","og_title":"Modelos de cat\u00e1logo - exibart archive","og_description":"Modelos de cat\u00e1logo Modelo 1 &#8211; 1\/16 (16 p\u00e1ginas, tama\u00f1o A5) Esta serie fue dise\u00f1ada para documentar performances, proyectos especiales o fanzines de artista. De hecho, 1\/16 busca enfatizar la idea art\u00edstica por encima de la narraci\u00f3n t\u00e9cnica. M\u00e1s que una publicaci\u00f3n de arte, 1\/16 quiere ser una obra de arte en s\u00ed misma, privilegiando [&hellip;]","og_url":"https:\/\/exibartarchive.com\/es\/modelos-de-catalogo\/","og_site_name":"exibart archive","article_modified_time":"2025-11-14T18:23:46+00:00","twitter_card":"summary_large_image","schema":{"@context":"https:\/\/schema.org","@graph":[{"@type":"WebPage","@id":"https:\/\/exibartarchive.com\/es\/modelos-de-catalogo\/","url":"https:\/\/exibartarchive.com\/es\/modelos-de-catalogo\/","name":"Modelos de cat\u00e1logo - exibart archive","isPartOf":{"@id":"https:\/\/exibartarchive.com\/#website"},"datePublished":"2025-02-07T12:44:48+00:00","dateModified":"2025-11-14T18:23:46+00:00","breadcrumb":{"@id":"https:\/\/exibartarchive.com\/es\/modelos-de-catalogo\/#breadcrumb"},"inLanguage":"es","potentialAction":[{"@type":"ReadAction","target":["https:\/\/exibartarchive.com\/es\/modelos-de-catalogo\/"]}]},{"@type":"BreadcrumbList","@id":"https:\/\/exibartarchive.com\/es\/modelos-de-catalogo\/#breadcrumb","itemListElement":[{"@type":"ListItem","position":1,"name":"Home","item":"https:\/\/exibartarchive.com\/"},{"@type":"ListItem","position":2,"name":"Modelos de cat\u00e1logo"}]},{"@type":"WebSite","@id":"https:\/\/exibartarchive.com\/#website","url":"https:\/\/exibartarchive.com\/","name":"exibart archive","description":"exibart archive,  per la custodia e la diffusione dei cataloghi d\u2019arte","publisher":{"@id":"https:\/\/exibartarchive.com\/#organization"},"potentialAction":[{"@type":"SearchAction","target":{"@type":"EntryPoint","urlTemplate":"https:\/\/exibartarchive.com\/?s={search_term_string}"},"query-input":{"@type":"PropertyValueSpecification","valueRequired":true,"valueName":"search_term_string"}}],"inLanguage":"es"},{"@type":"Organization","@id":"https:\/\/exibartarchive.com\/#organization","name":"exibart","url":"https:\/\/exibartarchive.com\/","logo":{"@type":"ImageObject","inLanguage":"es","@id":"https:\/\/exibartarchive.com\/#\/schema\/logo\/image\/","url":"https:\/\/exibartarchive.com\/wp-content\/uploads\/2023\/02\/archive-icon.png","contentUrl":"https:\/\/exibartarchive.com\/wp-content\/uploads\/2023\/02\/archive-icon.png","width":231,"height":230,"caption":"exibart"},"image":{"@id":"https:\/\/exibartarchive.com\/#\/schema\/logo\/image\/"}}]}},"_links":{"self":[{"href":"https:\/\/exibartarchive.com\/es\/wp-json\/wp\/v2\/pages\/1658","targetHints":{"allow":["GET"]}}],"collection":[{"href":"https:\/\/exibartarchive.com\/es\/wp-json\/wp\/v2\/pages"}],"about":[{"href":"https:\/\/exibartarchive.com\/es\/wp-json\/wp\/v2\/types\/page"}],"author":[{"embeddable":true,"href":"https:\/\/exibartarchive.com\/es\/wp-json\/wp\/v2\/users\/1"}],"replies":[{"embeddable":true,"href":"https:\/\/exibartarchive.com\/es\/wp-json\/wp\/v2\/comments?post=1658"}],"version-history":[{"count":1,"href":"https:\/\/exibartarchive.com\/es\/wp-json\/wp\/v2\/pages\/1658\/revisions"}],"predecessor-version":[{"id":1660,"href":"https:\/\/exibartarchive.com\/es\/wp-json\/wp\/v2\/pages\/1658\/revisions\/1660"}],"wp:attachment":[{"href":"https:\/\/exibartarchive.com\/es\/wp-json\/wp\/v2\/media?parent=1658"}],"curies":[{"name":"wp","href":"https:\/\/api.w.org\/{rel}","templated":true}]}}